{"id":14,"date":"2020-05-03T16:01:56","date_gmt":"2020-05-03T14:01:56","guid":{"rendered":"https:\/\/rzepedz.przemyska.pl\/?page_id=14"},"modified":"2026-03-05T10:37:01","modified_gmt":"2026-03-05T09:37:01","slug":"kontakt","status":"publish","type":"page","link":"https:\/\/rzepedz.przemyska.pl\/index.php\/kontakt\/","title":{"rendered":"Kontakt"},"content":{"rendered":"\r\n<table>\r\n<tbody>\r\n<tr>\r\n<td width=\"307\">\r\n<p><strong>Proboszcz:<\/strong><\/p>\r\n<p><strong>ks. Piotr Michno<\/strong><\/p>\r\n<p>&nbsp;<\/p>\r\n<p>e-mail: rzepedz@przemyska.pl<\/p>\r\n<p><strong>\u00a0<\/strong><\/p>\r\n<p>&nbsp;<\/p>\r\n<p>&nbsp;<\/p>\r\n<p>&nbsp;<\/p>\r\n<\/td>\r\n<td width=\"307\">\r\n<p><strong>Konto bankowe PKO SA<\/strong><\/p>\r\n<p><strong>Ko\u015bci\u00f3\u0142 \u015bw. Maksymiliana Rzeped\u017a<\/strong><\/p>\r\n<p><strong>65 1240 2340 1111 0011 1039 2090<\/strong><\/p>\r\n<p>&nbsp;<\/p>\r\n<p><strong>Konto bankowe PKO SA<\/strong><\/p>\r\n<p><strong>Ko\u015bci\u00f3\u0142 Matki Bo\u017cej Nieustaj\u0105cej Pomocy Kulaszne<\/strong><\/p>\r\n<p><strong>38 1240 2340 1111 0011 1039 2188<\/strong><\/p>\r\n<p>&nbsp;<\/p>\r\n<\/td>\r\n<\/tr>\r\n<\/tbody>\r\n<\/table>\r\n<p>&nbsp;<\/p>\r\n\r\n\r\n","protected":false},"excerpt":{"rendered":"<p>Proboszcz: ks. Piotr Michno &nbsp; e-mail: rzepedz@przemyska.pl \u00a0 &nbsp; &nbsp; &nbsp; Konto bankowe PKO SA Ko\u015bci\u00f3\u0142 \u015bw. Maksymiliana Rzeped\u017a 65 1240 2340 1111 0011 1039 2090 &nbsp; Konto bankowe PKO SA Ko\u015bci\u00f3\u0142 Matki Bo\u017cej Nieustaj\u0105cej Pomocy Kulaszne 38 1240 2340 1111 0011 1039 2188 &nbsp; &nbsp;<\/p>\n","protected":false},"author":1,"featured_media":251,"parent":0,"menu_order":0,"comment_status":"closed","ping_status":"closed","template":"","meta":{"footnotes":""},"class_list":["post-14","page","type-page","status-publish","has-post-thumbnail","czr-hentry"],"jetpack_sharing_enabled":true,"_links":{"self":[{"href":"https:\/\/rzepedz.przemyska.pl\/index.php\/wp-json\/wp\/v2\/pages\/14","targetHints":{"allow":["GET"]}}],"collection":[{"href":"https:\/\/rzepedz.przemyska.pl\/index.php\/wp-json\/wp\/v2\/pages"}],"about":[{"href":"https:\/\/rzepedz.przemyska.pl\/index.php\/wp-json\/wp\/v2\/types\/page"}],"author":[{"embeddable":true,"href":"https:\/\/rzepedz.przemyska.pl\/index.php\/wp-json\/wp\/v2\/users\/1"}],"replies":[{"embeddable":true,"href":"https:\/\/rzepedz.przemyska.pl\/index.php\/wp-json\/wp\/v2\/comments?post=14"}],"version-history":[{"count":4,"href":"https:\/\/rzepedz.przemyska.pl\/index.php\/wp-json\/wp\/v2\/pages\/14\/revisions"}],"predecessor-version":[{"id":2622,"href":"https:\/\/rzepedz.przemyska.pl\/index.php\/wp-json\/wp\/v2\/pages\/14\/revisions\/2622"}],"wp:featuredmedia":[{"embeddable":true,"href":"https:\/\/rzepedz.przemyska.pl\/index.php\/wp-json\/wp\/v2\/media\/251"}],"wp:attachment":[{"href":"https:\/\/rzepedz.przemyska.pl\/index.php\/wp-json\/wp\/v2\/media?parent=14"}],"curies":[{"name":"wp","href":"https:\/\/api.w.org\/{rel}","templated":true}]}}