{"id":152,"date":"2020-06-02T11:35:40","date_gmt":"2020-06-02T09:35:40","guid":{"rendered":"https:\/\/rzepedz.przemyska.pl\/?page_id=152"},"modified":"2020-06-02T12:05:35","modified_gmt":"2020-06-02T10:05:35","slug":"wspomnienia-parafian","status":"publish","type":"page","link":"https:\/\/rzepedz.przemyska.pl\/index.php\/wspomnienia-parafian\/","title":{"rendered":"Wspomnienia parafian"},"content":{"rendered":"<p style=\"text-align: justify;\"><strong>Historia naszej parafii jest ci\u0105gle \u017cywa, lecz nara\u017cona na zapomnienie. Pokolenie t<\/strong><strong>ych ludzi, kt\u00f3rzy przybyli do Rzepedzi a nast\u0119pnie budowali dom Bo\u017cy z roku na rok si\u0119 pomniejsza. Warto, aby ich wspomnienia by\u0142y \u017cywe i nie odesz\u0142y razem z nimi, ale zosta\u0142y przekazane kolejnym pokoleniom, kt\u00f3re t\u0105 ciekaw\u0105, lecz trudn\u0105 histori\u0105 b\u0119d\u0105 mog\u0142y si\u0119 dzieli\u0107 ze swoimi dzie\u0107mi, opowiada\u0107 o niej w r\u00f3\u017cnych miejscach tam gdzie ich los po\u015ble. Pewna parafianka zechcia\u0142a si\u0119 podzieli\u0107 wspomnieniami o budowie \u015bwi\u0105tyni, a przecie\u017c ko\u015bci\u00f3\u0142 to nie wszystko. Ko\u015bci\u00f3\u0142 to ludzie i ich \u017cycie, To wsp\u00f3lnota parafialna sprawia, \u017ce budujemy wspania\u0142\u0105 \u015bwi\u0105tynie, kt\u00f3ra trwa przez lata.<\/strong><\/p>\n<p style=\"text-align: justify;\">Przyjechali\u015bmy z m\u0119\u017cem w 1948 roku zastali\u015bmy domy po ukrai\u0144skie. Nie by\u0142o nawet okien. W budynkach tych dawniej przebywali ludzie wraz z byd\u0142em. Po malutko zacz\u0119li\u015bmy si\u0119 czego\u015b dorabia\u0107. M\u0105\u017c pracowa\u0142 najpierw w lesie p\u00f3\u017aniej na kolejce a nast\u0119pnie przy budowie zak\u0142adu. \u017bycie nie by\u0142o \u0142atwe, trudno by\u0142o cokolwiek kupi\u0107. Zasiane pola pustoszy\u0142y dziki i myszy. W dzisiejszych czasach zupe\u0142nie inaczej si\u0119 \u017cyje ni\u017c w\u00f3wczas. Teraz jest dobrobyt nie tak jak to by\u0142o wtedy.<\/p>\n<p style=\"text-align: justify;\">W Koma\u0144czy nie by\u0142o ko\u015bcio\u0142a podczas wojny zosta\u0142 spalony. Chodzi\u0142o si\u0119 do klasztoru tam msze \u015bw. odprawia\u0142 pra\u0142at ks. Por\u0119bski. P\u00f3\u017aniej zaproponowa\u0142 nam wyremontowanie cerkwi w Turza\u0144sku. Zrobili\u015bmy schody, aby nie obchodzi\u0107, dooko\u0142a ale od razu do g\u00f3ry, wyremontowali\u015bmy j\u0105. Ksi\u0105dz pra\u0142at po\u015bwi\u0119ci\u0142 i zacz\u0119to odprawia\u0107 w niej msze \u015bw. Pocz\u0105tkowo dzieci si\u0119 uczy\u0142y w cerkwi p\u00f3\u017aniej zacz\u0119\u0142y chodzi\u0107 do domu pana Gabora, kt\u00f3ry ju\u017c nie \u017cyje. I tak up\u0142ywa\u0142 czas a\u017c przyjechali \u201cpewni panowie\u201d najprawdopodobniej partyjni, kt\u00f3rzy powiedzieli, aby si\u0119 zapisa\u0107 do tej wiary, do jakiej nale\u017cy cerkiew. Poradzili\u015bmy si\u0119 ksi\u0119dza pra\u0142ata. Powiedzia\u0142 nam jak chcecie, ale oni nie uznaj\u0105 Ojca \u015aw. nie zgodzili\u015bmy si\u0119, \u201e\u2026urodzili\u015bmy si\u0119 w tej wierze<br \/>\ni w tej wierze chcemy umrze\u0107\u201d. Taka by\u0142a nasza odpowiedz, gdy przyjechali oni jeszcze raz<strong>. <\/strong>Poszli do pana Gabora poprosili o klucze, \u017ce chc\u0105 si\u0119 rozejrze\u0107 w cerkwi, by\u0142a to tylko wym\u00f3wka, aby j\u0105 zamkn\u0105\u0107. I znowu odnowa zacz\u0119li\u015bmy chodzi\u0107 na nogach do Koma\u0144czy. Poci\u0105g je\u017adzi\u0142, ale godziny nie pasowa\u0142y. W lecie jeszcze p\u00f3\u0142 biedy, ale w zimie\u2026 \u015bniegi, lody. Gdy si\u0119 sz\u0142o na pasterk\u0119 to wiele razy si\u0119 upad\u0142o. Drogi nie by\u0142o. Ksi\u0105dz Por\u0119bski chcia\u0142 wybudowa\u0107 ko\u015bci\u00f3\u0142 w Rzepedzi. Pierwotnym miejscem budowy mia\u0142 by\u0107 plac na Kubie, lecz to miejsce nie pasowa\u0142oby ludziom z Rzepedzi. W ko\u0144cu podj\u0119to decyzje, \u017ce ko\u015bci\u00f3\u0142 ma by\u0107 w Rzepedzi (gdzie jest aktualnie). Rado\u015b\u0107 by\u0142a ogromna, \u017ce b\u0119dziemy mie\u0107 sw\u00f3j ko\u015bci\u00f3\u0142. Materia\u0142y powoli by\u0142y przygotowywane tak\u017ce ju\u017c ks. pra\u0142at Por\u0119bski wyznaczy\u0142 patrona, jakim mia\u0142 by\u0107 \u015bw. Maksymilian. Niestety ks. Por\u0119bski zmar\u0142. Wszystko zosta\u0142o na g\u0142owie ks. Boles\u0142awa Burka. Poniewa\u017c ja z m\u0119\u017cem w tym czasie budowa\u0142am dom dostawa\u0142am deputat na materia\u0142y a potem oddawa\u0142am na ko\u015bci\u00f3\u0142. Pani Naczelnik z Mokrego m\u00f3wi\u0142a tak, \u201c\u017ce nasz ksi\u0105dz to taki, \u017ce trudno mu odm\u00f3wi\u0107, ale c\u00f3\u017c poradz\u0119..\u201d. Bra\u0142am wi\u0119c materia\u0142y na siebie. Na pocz\u0105tku zrobili\u015bmy tam budk\u0119 gdzie odprawiane by\u0142y msze \u015bw. Kupili\u015bmy obraz MB Cz\u0119stochowskiej do tej kaplicy. Z t\u0105 budk\u0105 te\u017c mieli\u015bmy przygody. Trzeba by\u0142o zdoby\u0107 pozwolenie zebrali\u015bmy si\u0119 oko\u0142o dwudziestu kobiet i pojechali\u015bmy do Krosna do partii \u017ceby dosta\u0107 je. Powiedzieli nam tak, \u201e\u2026\u017ce dostaniecie, ale musicie rozebra\u0107 jak\u0105\u015b cerkiew\u2026.\u201d Ksi\u0105dz Boles\u0142aw nie zgodzi\u0142 si\u0119 na to. Wstawia\u0142 si\u0119 w tej sprawie te\u017c biskup J\u00f3zef Tokarczuk. Ci\u0119\u017cko by\u0142o bardzo, w\u0142adza zacz\u0119\u0142a kara\u0107. Nie raz przyje\u017cd\u017ca\u0142a do ksi\u0119dza, aby on pokaza\u0142 dokumenty zezwalaj\u0105ce na budow\u0119<br \/>\ni odprawianie mszy \u015bw. ks., Boles\u0142aw t\u0142umaczy\u0142 si\u0119 zawsze tak, \u201e\u2026.\u017ce panowie s\u0105 w pracy i ja te\u017c jestem\u2026\u201d (ubiera\u0142 si\u0119 wtedy do mszy \u015bw.) i m\u00f3wi\u0142 \u201e\u2026jak chcecie to poczekajcie\u2026.\u201d Oni przewa\u017cnie odchodzili. Ogromn\u0105 rado\u015b\u0107 sprawi\u0142a nam pierwsza pasterka w Rzepedzi. Ju\u017c bli\u017cej schodzili\u015bmy wtedy z Turza\u0144ska. Dzisiaj to ju\u017c nikt na nogach nie chce i\u015b\u0107 wszystko samochodami a wtedy czy na pasterk\u0119, czy na rezurekcje sz\u0142o si\u0119 na nogach.<\/p>\n<p style=\"text-align: justify;\"><strong>Serdecznie redakcja dzi\u0119kuje za tak wspaniale przywo\u0142ane wspomnienia tych czas\u00f3w, i prosi o kolejne \u015bwiadectwa. Ko\u0144cz\u0105c ten artyku\u0142 przytocz\u0119 wiersz, kt\u00f3ry wyrecytowa\u0142a nam owa parafianka s\u0142\u00f3w nauczy\u0142a si\u0119 jeszcze w pierwszej klasie. <\/strong><\/p>\n<p style=\"text-align: justify;\"><em>Z Bogiem z Bogiem ka\u017cda sprawa tak m\u00f3wili starzy<\/em><\/p>\n<p style=\"text-align: justify;\"><em>A gdy wezwiesz tej pomocy wszystko ci si\u0119 zdarzy.<\/em><\/p>\n<p style=\"text-align: justify;\"><em>Masz si\u0119 uczy\u0107 to pami\u0119taj z Bogiem zacznij dziatwo.<\/em><\/p>\n<p style=\"text-align: justify;\"><em>B\u00f3g powiedzia\u0142, \u017ce na nauka w g\u0142ow\u0119 p\u00f3jdzie \u0142atwo<\/em><\/p>\n<p style=\"text-align: justify;\"><em>Idziesz w pole masz sia\u0107 zbo\u017ce z Bogiem zacznij prace<\/em><\/p>\n<p style=\"text-align: justify;\"><em>B\u00f3g powiedzia\u0142, \u017ce pomo\u017ce hojnie ci\u0119 wzbogac\u0119.<\/em><\/p>\n<p style=\"text-align: justify;\"><em>Idziesz w drog\u0119 z Bogiem wychod\u017a z progu<\/em><\/p>\n<p style=\"text-align: justify;\"><em>Aby wr\u00f3ci\u0107 do niej szcz\u0119\u015bliwie, to podzi\u0119kuj Bogu<\/em><\/p>\n<p style=\"text-align: justify;\"><strong><em>Parafianka z Turza\u0144ska T.K.<\/em><\/strong><\/p>\n<p style=\"text-align: justify;\"><strong><em>Turza\u0144sk wrzesie\u0144 2007r.<\/em><\/strong><\/p>\n<p style=\"text-align: justify;\">Gdy zapad\u0142a decyzja, \u017ce ko\u015bci\u00f3\u0142 b\u0119dzie budowany w Rzepedzi, nale\u017ca\u0142o uzyska\u0107 pozwolenie na budow\u0119. Pozwolenie by\u0142o uzale\u017cnione od decyzji Wydzia\u0142u ds. Wyzna\u0144 Urz\u0119du Wojew\u00f3dzkiego w Kro\u015bnie. By\u0142em jednym z tych, kt\u00f3rzy wspomagali Ks. Burka w wyjazdach do Krosna. Dyrektorem tego urz\u0119du by\u0142 p. Liczma\u0144ski (nazwiska tego nie zapomn\u0119 do ko\u0144ca \u017cycia), by\u0142 to wyj\u0105tkowo perfidny cz\u0142owiek, co innego my\u015bla\u0142, co innego robi\u0142 a co innego m\u00f3wi\u0142. W Kro\u015bnie byli\u015bmy kilkadziesi\u0105t razy.<br \/>\nZa kt\u00f3rym\u015b razem, po otrzymaniu kolejnej odmowy postanowili\u015bmy uda\u0107 si\u0119 do Wojewody. W sekretariacie wszystkich nas szczeg\u00f3\u0142owo wylegitymowano i spisano. Przyj\u0105\u0142 nas wicewojewoda (nazwiska nie pami\u0119tam). Po przedstawieniu naszych spraw obieca\u0142 zaj\u0105\u0107 si\u0119 tym. Na drugi dzie\u0144 po wizycie u wojewody do dyrektora zak\u0142ad\u00f3w drzewnych zg\u0142osi\u0142 si\u0119 \u201eubek\u201d polecaj\u0105c dyrektorowi, by mnie zwolni\u0142 z pracy. Dyrektor poprosi\u0142, by ten da\u0142 mu na to pismo. Pisma nie przed\u0142o\u017cy\u0142, a ja pracowa\u0142em dalej.<br \/>\nPo otrzymaniu upragnionego pozwolenia na budow\u0119 ko\u015bcio\u0142a przyst\u0105pili\u015bmy do budowy drogi. Nadmieni\u0107 nale\u017cy, \u017ce teren ten zasadniczo r\u00f3\u017cni\u0142 si\u0119 od tego, co jest obecnie. Przy budowie drogi czynny udzia\u0142 brali mieszka\u0144cy Turza\u0144ska. Kilkadziesi\u0105t furmanek wozi\u0142o kamie\u0144 z rzeki i w ten spos\u00f3b usypywano koron\u0119 drogi. Teren by\u0142 tak rozmok\u0142y, \u017ce konie si\u0119 zapada\u0142y w b\u0142ocie.<br \/>\nJak droga by\u0142a ju\u017c cz\u0119\u015bciowo przejezdna, na g\u00f3rce (obok dzwonnicy) wybudowano szop\u0119-magazyn, gdzie sk\u0142adowano cement, wapno i inny sprz\u0119t potrzebny do pracy. Mimo \u017ce droga by\u0142a przejezdna dla furmanek, samoch\u00f3d z ceg\u0142\u0105 nie m\u00f3g\u0142 wyjecha\u0107 na g\u00f3rk\u0119, ceg\u0142\u0119 sk\u0142adowano obok drogi na dole. Ceg\u0142a ta w\u0119drowa\u0142a podaj\u0105c jeden drugiemu i tak kilkadziesi\u0105t os\u00f3b przez kilka dni przemieszczono z do\u0142u na plac budowy. W tym czasie nikt nie dysponowa\u0142 \u017cadnym sprz\u0119tem u\u0142atwiaj\u0105cym prac\u0119. Jedynym spychaczem dysponowa\u0142o Nadle\u015bnictwo w Koma\u0144czy.<br \/>\nObecnie przyst\u0119puj\u0105c do budowy zamawia si\u0119 sprz\u0119t i materia\u0142y, jak budowano ko\u015bci\u00f3\u0142 sprz\u0119t i materia\u0142y nale\u017ca\u0142o \u201eza\u0142atwi\u0107\u201d. W ten spos\u00f3b \u201eza\u0142atwiono\u201d spychacz z Koma\u0144czy. Spychaczem tym wyr\u00f3wnano teren pod budow\u0119 a cz\u0119\u015b\u0107 ziemi przemieszczono na poszerzenie drogi. Poszerzaj\u0105c drog\u0119 spychacz uton\u0105\u0142 w b\u0142ocie. Przez kilkadziesi\u0105t godzin przy pomocy podk\u0142ad\u00f3w kolejowych i podno\u015bnik\u00f3w r\u00f3\u017cnego rodzaju starali\u015bmy si\u0119 podnie\u015b\u0107 ton\u0105cy w b\u0142ocie spychacz.<br \/>\nPojawiaj\u0105 si\u0119 g\u0142osy, dlaczego ko\u015bci\u00f3\u0142 nie zosta\u0142 wybudowany ni\u017cej, np. na wysoko\u015bci figury Matki Bo\u017cej \u2013 niestety w tym miejscu by\u0142o mokrad\u0142o i tam uton\u0105\u0142 spychacz.<br \/>\nW Rzepedzi nie by\u0142oby ko\u015bcio\u0142a, gdyby nie by\u0142o Ks. pra\u0142ata Por\u0119bskiego i Ks. Boles\u0142awa Burka. Ks. Por\u0119bski fizycznie mieszka\u0142 w Koma\u0144czy, ale my\u015blami by\u0142 w Rzepedzi.<br \/>\nCz\u0119\u015b\u0107 materia\u0142\u00f3w budowlanych jak deski i kilkadziesi\u0105t arkuszy blachy kt\u00f3re by\u0142y w Koma\u0144czy zakupi\u0142 Ks. Por\u0119bski.<br \/>\nPo \u015bmierci Ks. Por\u0119bskiego zamiary i plany przej\u0105\u0142 Ks. Boles\u0142aw Burek i plany te sukcesywnie wciela\u0142 w \u017cycie. Ks. Burek potrafi\u0142 tak zintegrowa\u0107 mieszka\u0144c\u00f3w Rzepedzi i okolicznych wiosek, \u017ce nie by\u0142o takich, kt\u00f3rzy by odm\u00f3wili pracy przy budowie ko\u015bcio\u0142a.<br \/>\nNie mog\u0119 pomin\u0105\u0107 jednego z dyrektor\u00f3w Zak\u0142ad\u00f3w Drzewnych (a by\u0142o ich kilkunastu), by\u0142 nim p. Andrzej Kozdr\u00f3j. On jeden interesowa\u0142 si\u0119 budow\u0105 ko\u015bcio\u0142a (bywa\u0142 na budowie) i jak trzeba by\u0142o, przymyka\u0142 oko na to, co pracownicy wykonywali na terenie zak\u0142ad\u00f3w z przeznaczeniem na budow\u0119 ko\u015bcio\u0142a.<br \/>\nJedynym sprz\u0119tem, z kt\u00f3rego korzystano przy budowie by\u0142a betoniarka a w okresie p\u00f3\u017aniejszym d\u017awig wypo\u017cyczony z zak\u0142ad\u00f3w. Korzystano r\u00f3wnie\u017c ze \u015brodk\u00f3w transportowych zak\u0142ad\u00f3w.<br \/>\nWszystkie prace wykonywane by\u0142y przez mieszka\u0144c\u00f3w obecnej wsp\u00f3lnoty parafialnej.<br \/>\nWiadomym jest, ile zu\u017cyto materia\u0142\u00f3w budowlanych, lecz nie jest wiadomym, w jaki spos\u00f3b i jakimi drogami Ks. Burek za\u0142atwia\u0142 te materia\u0142y. W tym czasie obowi\u0105zywa\u0142a reglamentacja towar\u00f3w, nikt oficjalnie nie przydzieli\u0142 niczego, co by\u0142o potrzebne do budowy. By\u0142a propozycja wyburzenia cerkwi w Daliowej a nawet wsparcie finansowe za wyburzenie tej cerkwi. Obecnie cerkiew ta zosta\u0142a wyremontowana i s\u0142u\u017cy mieszka\u0144com Daliowej.<br \/>\nW dniu 5 czerwca 1981 r. Ks. Bp Ignacy Tokarczuk w obecno\u015bci licznie zebranych mieszka\u0144c\u00f3w dokona\u0142 uroczystego wmurowania kamienia w\u0119gielnego pod budow\u0119 ko\u015bcio\u0142a.<\/p>\n<p style=\"text-align: right;\"><em><strong>Parafianin z Rzepedzi<\/strong><\/em><\/p>\n","protected":false},"excerpt":{"rendered":"<p>Historia naszej parafii jest ci\u0105gle \u017cywa, lecz nara\u017cona na zapomnienie. Pokolenie tych ludzi, kt\u00f3rzy przybyli do Rzepedzi a nast\u0119pnie budowali dom Bo\u017cy z roku na rok si\u0119 pomniejsza. Warto, aby ich wspomnienia by\u0142y \u017cywe i nie odesz\u0142y razem z nimi, ale zosta\u0142y przekazane kolejnym pokoleniom, kt\u00f3re t\u0105 ciekaw\u0105, lecz trudn\u0105 histori\u0105 b\u0119d\u0105 mog\u0142y si\u0119 dzieli\u0107 [&hellip;]<\/p>\n","protected":false},"author":1,"featured_media":153,"parent":0,"menu_order":0,"comment_status":"closed","ping_status":"closed","template":"","meta":{"footnotes":""},"class_list":["post-152","page","type-page","status-publish","has-post-thumbnail","czr-hentry"],"jetpack_sharing_enabled":true,"_links":{"self":[{"href":"https:\/\/rzepedz.przemyska.pl\/index.php\/wp-json\/wp\/v2\/pages\/152","targetHints":{"allow":["GET"]}}],"collection":[{"href":"https:\/\/rzepedz.przemyska.pl\/index.php\/wp-json\/wp\/v2\/pages"}],"about":[{"href":"https:\/\/rzepedz.przemyska.pl\/index.php\/wp-json\/wp\/v2\/types\/page"}],"author":[{"embeddable":true,"href":"https:\/\/rzepedz.przemyska.pl\/index.php\/wp-json\/wp\/v2\/users\/1"}],"replies":[{"embeddable":true,"href":"https:\/\/rzepedz.przemyska.pl\/index.php\/wp-json\/wp\/v2\/comments?post=152"}],"version-history":[{"count":0,"href":"https:\/\/rzepedz.przemyska.pl\/index.php\/wp-json\/wp\/v2\/pages\/152\/revisions"}],"wp:featuredmedia":[{"embeddable":true,"href":"https:\/\/rzepedz.przemyska.pl\/index.php\/wp-json\/wp\/v2\/media\/153"}],"wp:attachment":[{"href":"https:\/\/rzepedz.przemyska.pl\/index.php\/wp-json\/wp\/v2\/media?parent=152"}],"curies":[{"name":"wp","href":"https:\/\/api.w.org\/{rel}","templated":true}]}}