{"id":156,"date":"2020-06-02T11:49:52","date_gmt":"2020-06-02T09:49:52","guid":{"rendered":"https:\/\/rzepedz.przemyska.pl\/?page_id=156"},"modified":"2020-06-06T18:04:20","modified_gmt":"2020-06-06T16:04:20","slug":"budowa-kosciola","status":"publish","type":"page","link":"https:\/\/rzepedz.przemyska.pl\/index.php\/budowa-kosciola\/","title":{"rendered":"Budowa ko\u015bcio\u0142a"},"content":{"rendered":"<p style=\"text-align: justify;\"><strong>24 grudnia 1976 r.<\/strong> (WIGILIA) godz. 22:30 \u201e\u2026.No dobra czas si\u0119 zbiera\u0107 bo droga przed nami daleka\u2026.\u201d Tak zaczynano \u015bwi\u0119towa\u0107 okres Bo\u017cego Narodzenia w rodzinach, kt\u00f3re mieszka\u0142y w Rzepedzi, Turza\u0144sku, czy Jaworniku.<br \/>\nDo ko\u015bcio\u0142a na Pasterk\u0119 trzeba by\u0142o doj\u015b\u0107 do Koma\u0144czy, a o \u015brodkach komunikacji nawet nie marzono.<br \/>\nZim\u0105 \u2013 mr\u00f3z i \u015bnieg, latem \u2013 upa\u0142y lub deszczowe i burzowe dni. Takim warunkom atmosferycznym parafianie stawiali czo\u0142a i dzielnie pod\u0105\u017cali na spotkanie z Bogiem.<br \/>\nWidz\u0105c to, \u00f3wcze\u015bni ksi\u0119\u017ca Proboszcz ks. Stanis\u0142aw Por\u0119bski i wikariusz ks. Boles\u0142aw Burek postanowili zawierzaj\u0105c Bogu, (w tak ci\u0119\u017ckich latach, jakie by\u0142y w komunistycznej Polsce) wybudowa\u0107 ko\u015bci\u00f3\u0142. Droga przed nimi by\u0142a d\u0142uga i wyboista.<br \/>\n<strong>Maj &#8211; czerwiec 1977 r<\/strong>. Trwaj\u0105 przygotowania logistyczne \u2013 najwa\u017cniejsze z nich to za\u0142atwienie dzia\u0142ki, na kt\u00f3rej ma powsta\u0107 \u015awi\u0105tynia Bo\u017ca. Miejscem docelowym ma by\u0107 dzia\u0142ka pani Zaruckiej. W tym samym czasie trwaj\u0105 prace nad dokumentacj\u0105 i pozwoleniami, kt\u00f3re pilotuje Kuria Biskupia w Przemy\u015blu.<br \/>\nPodekscytowani i niecierpliwi parafianie nie mog\u0105 czeka\u0107! Brygada pod przewodnictwem ks. Burka, p. Bargie\u0142a, p. \u015awierada, p. Tylki stawia prowizoryczn\u0105 kaplic\u0119, kt\u00f3r\u0105 potocznie nazywano \u201eszopk\u0105\u201d.<br \/>\nNowo powsta\u0142a kaplica s\u0142u\u017cy\u0142a jako salka katechetyczna, w kt\u00f3rej wraz z rokiem szkolnym zacz\u0119to naucza\u0107 religii \u2013 o Bogu, rodzinie i patriotyzmie. Jednocze\u015bnie koncentrowano si\u0119 na gromadzeniu materia\u0142\u00f3w budowlanych, kt\u00f3re by\u0142y towarem deficytowym.<br \/>\n<strong>ROK 1978.<\/strong> W Polsce rz\u0105dzi PZPR, trwa walka z Ko\u015bcio\u0142em. Prawdziwy totalitaryzm, d\u0105\u017c\u0105cy do ca\u0142kowitego podporz\u0105dkowania spo\u0142ecze\u0144stwa pa\u0144stwu za pomoc\u0105 monopolu informacyjnego. Propagandy i ideologii pa\u0144stwowej. Terroru tajnych s\u0142u\u017cb.<br \/>\nOfiar\u0105 pada plan budowy ko\u015bcio\u0142a w Rzepedzi. Nikt i nic nie mo\u017ce przekona\u0107 sprawuj\u0105cych w\u0142adz\u0119 urz\u0119dnik\u00f3w z Urz\u0119du Wojew\u00f3dzkiego w Kro\u015bnie, aby wydali tak potrzebne zezwolenie na budow\u0119.<br \/>\nW maju, gdy ks. Burek wraz z p. Bargie\u0142em wykonali krzy\u017c z neon\u00f3wek, kt\u00f3rego blask dawa\u0142 \u015bwiadectwo wiary, jaka panowa\u0142a w sercach mieszka\u0144c\u00f3w, cierpliwo\u015b\u0107 w\u0142adz sko\u0144czy\u0142a si\u0119. Nakazano, aby w trybie natychmiastowym \u201eSymbol chrze\u015bcija\u0144stwa\u201d znik\u0142 z budynku.<br \/>\n<strong>13 wrze\u015bnia 1978 r.<\/strong> Nagle umiera ks. pra\u0142at Por\u0119bski. Teraz ca\u0142a odpowiedzialno\u015b\u0107 pada na m\u0142odego wikariusza, kt\u00f3ry zostaje mianowany na proboszcza parafii w Koma\u0144czy. Msze \u015bwi\u0119te, religia w wielu bieszczadzkich miejscowo\u015bciach, budowa ko\u015bcio\u0142a. Czy ks. Burek poradzi sobie z takim wyzwaniem? Takie pytanie zadawali sobie parafianie.<br \/>\nW\u0142adze pa\u0144stwowe robi\u0142y wszystko, aby zniech\u0119ci\u0107 i uniemo\u017cliwi\u0107 budow\u0119 ko\u015bcio\u0142a.<br \/>\nNa nic to, \u201elokomotywa ludzkich serc i r\u0105k do pracy\u201d ruszy\u0142a na dobre a wyb\u00f3r kard. Wojty\u0142y na papie\u017ca rozp\u0119dzi\u0142 j\u0105 jak nigdy dot\u0105d.<\/p>\n<p style=\"text-align: justify;\"><strong>ROK 1979<\/strong>. 3 maja godz. 18.00 \u2013 pami\u0119tna chwila ks. proboszcz wraz z wikarym ks Borczem odprawiaj\u0105 pierwsz\u0105 Msz\u0119 \u015bwi\u0119t\u0105. Odt\u0105d wierni z Rzepedzi i okolicznych miejscowo\u015bci w ka\u017cd\u0105 niedziel\u0119 mog\u0105 go\u015bci\u0107 Jezusa Chrystusa pod postaci\u0105 chleba i wina u siebie.<br \/>\n28 sierpnia. Parafi\u0119 nawiedza obraz Matki Boskiej. Parafianie w gorliwych modlitwach prosz\u0105 o \u0142ask\u0119 i si\u0142\u0119, kt\u00f3rej potrzebuj\u0105 podczas dnia codziennego przy budowie ko\u015bcio\u0142a.<br \/>\n<strong>Pa\u017adziernik 1979 r<\/strong>. w zwi\u0105zku z du\u017c\u0105 ilo\u015bci\u0105 gromadzonych si\u0119 ludzi w czasie liturgii postanowiono rozbudowa\u0107 tymczasow\u0105 kaplic\u0119.<br \/>\nReakcja w\u0142adz by\u0142a natychmiastowa. W dniu 5 pa\u017adziernika do ks. Burka trafia \u201eDecyzja\u201d, kt\u00f3r\u0105 wydaje W\u00f3jt Gminy nakazuj\u0105c wstrzyma\u0107 roboty budowlane i zaprzesta\u0107 u\u017cytkowania obiektu! Uzasadniaj\u0105c, \u017ce obiekt budowlany powsta\u0142 bez pozwolenia i dokumentacji technicznej, co stanowi zagro\u017cenie dla \u017cycia i zdrowia gromadzonych si\u0119 w tym miejscu ludzi, a w konsekwencji kar\u0119 Kolegium dla ks. Burka 3100 z\u0142 i dla pan\u00f3w Wiktora i Szczurka po 1100 z\u0142. Zastraszanie, karanie grzywn\u0105 nie zniech\u0119ci\u0142o ich, a przeciwnie mobilizowa\u0142o i dawa\u0142o nowe si\u0142y do dzia\u0142ania, a w grudniu odprawiono pierwsz\u0105 Pasterk\u0119.<\/p>\n<p style=\"text-align: justify;\">Wspominali\u015bmy o trudnych czasach budowy \u015bwi\u0105tyni Pa\u0144skiej w Rzepedzi. Wstrzymane budowy, represje w\u0142adz na rodz\u0105c\u0105 si\u0119 wsp\u00f3lnot\u0119, pami\u0119tne nieraz z wieloma przygodami Pasterki, Rezurekcje i inne nabo\u017ce\u0144stwa, kt\u00f3re wymaga\u0142y wiele wysi\u0142ku, aby by\u0107 na nich w Koma\u0144czy.<br \/>\nA\u017c w ko\u0144cu nadesz\u0142a ta pierwsza w naszym ko\u015bci\u00f3\u0142ku-szopce Pasterka. Pi\u0119tna\u015bcie minut po p\u00f3\u0142nocy \u015bwi\u0105tynia rozbrzmia\u0142a pierwsza kol\u0119d\u0105 rozpoczynaj\u0105c\u0105 Uroczysto\u015bci Bo\u017cego Narodzenia.<br \/>\nNowy rok rozpocz\u0105\u0142 si\u0119 kolejnymi trudno\u015bciami w wznoszeniu Domu Bo\u017cego. Prace mo\u017cna podzieli\u0107 w tym czasie na dwa rodzaje. Pierwsza to przygotowania do budowy, kt\u00f3ra mia\u0142a si\u0119 rozpocz\u0105\u0107 od wiosny, a wi\u0119c przetarcia drzewa na deski, sk\u0142adowanie materia\u0142\u00f3w. Drugi rodzaj pracy to ci\u0105g\u0142e n\u0119kanie w\u0142adz o pozwolenia. Ci\u0105g\u0142e delegacje w Urz\u0119dzie ds. Wyzna\u0144..<br \/>\nZ wiosn\u0105 ociepli\u0142a si\u0119 sytuacja. <strong>9 III 1980 r.<\/strong> delegacja kobiet, kt\u00f3re uda\u0142y si\u0119 do Krosna otrzyma\u0142a s\u0142owo, \u017ce b\u0119dzie mo\u017cna budowa\u0107 ko\u015bci\u00f3\u0142. Gmina Komancza te\u017c obieca\u0142a, \u017ce wyda pozwolenie na instalacje elektryczn\u0105. Obiecali, ale s\u0142owa nie dotrzymali.<br \/>\n<strong><a href=\"https:\/\/rzepedz.przemyska.pl\/wp-content\/uploads\/2020\/06\/1.jpg\"><img loading=\"lazy\" decoding=\"async\" class=\"alignright wp-image-165 size-medium\" src=\"https:\/\/rzepedz.przemyska.pl\/wp-content\/uploads\/2020\/06\/1-300x190.jpg\" alt=\"\" width=\"300\" height=\"190\" srcset=\"https:\/\/rzepedz.przemyska.pl\/wp-content\/uploads\/2020\/06\/1-300x190.jpg 300w, https:\/\/rzepedz.przemyska.pl\/wp-content\/uploads\/2020\/06\/1-768x487.jpg 768w, https:\/\/rzepedz.przemyska.pl\/wp-content\/uploads\/2020\/06\/1.jpg 996w\" sizes=\"auto, (max-width: 300px) 100vw, 300px\" \/><\/a><\/strong>Zbli\u017caj\u0105ce si\u0119 \u015bwi\u0119ta Wielkiej Nocy mieszka\u0144cy \u00f3wczesnej parafii musieli prze\u017cywa\u0107 po staremu w Koma\u0144czy. Jedynie rekolekcje (pierwsze) odby\u0142y si\u0119 w Rzepedzi. Prowadzi\u0142 je <strong>ks. Micha\u0142 J\u00f3zefczyk<\/strong> \u2013 obecny proboszcz parafii pw. Matki Bo\u017cej Nieustaj\u0105cej Pomocy w Tarnobrzegu, w 2000 r. finalista konkursu \u201eProboszcz Roku\u201d.<br \/>\n<strong>21-22 V 1980 r.<\/strong> Wizytacja Ks. Bpa Boles\u0142awa Taborskiego. Cho\u0107 kaplica zbudowana z p\u0142yt pil\u015bniowych, to jednak przystrojenie jej by\u0142o niesamowite. Ksi\u0119dza biskupa witaj\u0105 p. Smalarz i p. Czenczek. Biskup udzieli\u0142 sakramentu bierzmowania 340 dzieciom, jeszcze razem w Koma\u0144czy.<br \/>\nW s\u0142owach powitania ks. Proboszcz tak m\u00f3wi\u0142:<br \/>\n<em>\u201dWczoraj powiedzia\u0142e\u015b w Koma\u0144czy odprawiasz msz\u0119 \u015bw. Dzisiaj ta nasza kaplica tez pierwszy raz Ciebie wita. Wielu ludzi przyje\u017cd\u017caj\u0105c p<\/em><em><a href=\"https:\/\/rzepedz.przemyska.pl\/wp-content\/uploads\/2020\/06\/2.jpg\"><img loading=\"lazy\" decoding=\"async\" class=\"alignright wp-image-166 size-medium\" src=\"https:\/\/rzepedz.przemyska.pl\/wp-content\/uploads\/2020\/06\/2-300x193.jpg\" alt=\"\" width=\"300\" height=\"193\" srcset=\"https:\/\/rzepedz.przemyska.pl\/wp-content\/uploads\/2020\/06\/2-300x193.jpg 300w, https:\/\/rzepedz.przemyska.pl\/wp-content\/uploads\/2020\/06\/2-1024x659.jpg 1024w, https:\/\/rzepedz.przemyska.pl\/wp-content\/uploads\/2020\/06\/2-768x495.jpg 768w, https:\/\/rzepedz.przemyska.pl\/wp-content\/uploads\/2020\/06\/2.jpg 1056w\" sizes=\"auto, (max-width: 300px) 100vw, 300px\" \/><\/a><\/em><em>yta gdzie ta nasza kaplica. Dzisiaj przyozdobiona na twoje przywita<\/em><em>nie sala jest widoczna. Chocia\u017c szopa, bo tak urz\u0119dowo j\u0105 nazwali jest tymczasow\u0105 kaplic\u0105 dla wiernych z osiedli, Turza\u0144ska i Rzepedzi Wsi (\u2026) \u017byjemy w demokratycznym pa\u0144stwie gdzie lud pr<\/em><em>acy rz\u0105dzi gdzie w\u0142adza ma by\u0107 dla ludzi. Obiecano, nam w 99% (\u2026)Prosimy Ci\u0119 o modlitw\u0119 do <\/em><em>Boga przez stawiennictwo Maryi i jej czcicieli b\u0142. Maksymiliana, pod kt\u00f3rego wezwaniem chcemy wybudowa\u0107 ko\u015bci\u00f3\u0142 Bogu i sobie.\u201d<\/em><br \/>\n<strong>5 VI 1980 r.<\/strong> Bo\u017ce Cia\u0142o \u2013 razem w Koma\u0144czy. Oktawa w Rzepedzi \u2013 ca\u0142a szopka dzieci. Ci\u0105gle nie ustaj\u0105 modlitwy o pozwolenie.<br \/>\n26 VI, 12 VII, 23 VII 30 VII, 15 VIII to kolejne bezskuteczne delegacje w Kro\u015bnie. Du\u017co obiecuj\u0105, ale ju\u017c tradycyjnie z obietnic si\u0119 nie wywi\u0105zuj\u0105.<br \/>\nA<a href=\"https:\/\/rzepedz.przemyska.pl\/wp-content\/uploads\/2020\/06\/3.jpg\"><img loading=\"lazy\" decoding=\"async\" class=\"alignright wp-image-167 size-medium\" src=\"https:\/\/rzepedz.przemyska.pl\/wp-content\/uploads\/2020\/06\/3-300x188.jpg\" alt=\"\" width=\"300\" height=\"188\" srcset=\"https:\/\/rzepedz.przemyska.pl\/wp-content\/uploads\/2020\/06\/3-300x188.jpg 300w, https:\/\/rzepedz.przemyska.pl\/wp-content\/uploads\/2020\/06\/3-1024x643.jpg 1024w, https:\/\/rzepedz.przemyska.pl\/wp-content\/uploads\/2020\/06\/3-768x482.jpg 768w, https:\/\/rzepedz.przemyska.pl\/wp-content\/uploads\/2020\/06\/3.jpg 1077w\" sizes=\"auto, (max-width: 300px) 100vw, 300px\" \/><\/a>le duch zapa\u0142u trwa dalej w\u015br\u00f3d m\u0142odej rodz\u0105cej si\u0119 parafii. Pierwszy odpust w \u015bwi\u0119to Maksymiliana Kolbego gromadzi ogrom ludzi. Msz\u0119 \u015bw. prowadzi ks. pra\u0142at Peszko z Kielc.<br \/>\n15 VIII 1980 r. zako\u0144czy\u0142o si\u0119 nawiedzenie obrazu Matki Bo\u017cej Cz\u0119stochowskiej. Z jej pomoc\u0105 rozpoczyna si\u0119 kolejny etap mozolnej pracy zar\u00f3wno tej przy budowie jeszcze nielegalnej jak i kolejnych wizytacji w Kro\u015bnie.<br \/>\n19 VIII 1980 r. ks. Proboszcz i p. Szul udaj\u0105 si\u0119 do Krosna. Otrzymali pozwolenie na przeniesienie cerkwi z Daliowej. Dzie\u0144 p\u00f3\u017aniej ks. proboszcz jedzie do biskupa. Biskup tez pozwala na t\u0105 propozycje w\u0142adz. Kolejne tygodnie pracy to r\u00f3wnanie gruntu pod now\u0105 \u015bwi\u0105tyni\u0119.<br \/>\n20 IX 1980 r. w Rzepedzi s\u0142ycha\u0107 bicie dzwonu. To nowy dzwon og\u0142asza nadzieje \u017ce za nied\u0142ugo jego bicie b\u0119dzie nawo\u0142ywa\u0142o wiernych na Eucharystie w nowym Domu Bo\u017cym. Przysz\u0142a zima \u2013 prace wstrzymane. Kolejna pasterka w szopce. I tak w trudzie budowy \u015bwi\u0105tyni parafianie \u017cegnaj\u0105 stary rok z nadziej\u0105, \u017ce nowy b\u0119dzie lepszy.<br \/>\n<a href=\"https:\/\/rzepedz.przemyska.pl\/wp-content\/uploads\/2020\/06\/4.jpg\"><img loading=\"lazy\" decoding=\"async\" class=\"alignleft wp-image-168 size-medium\" src=\"https:\/\/rzepedz.przemyska.pl\/wp-content\/uploads\/2020\/06\/4-300x198.jpg\" alt=\"\" width=\"300\" height=\"198\" srcset=\"https:\/\/rzepedz.przemyska.pl\/wp-content\/uploads\/2020\/06\/4-300x198.jpg 300w, https:\/\/rzepedz.przemyska.pl\/wp-content\/uploads\/2020\/06\/4-768x507.jpg 768w, https:\/\/rzepedz.przemyska.pl\/wp-content\/uploads\/2020\/06\/4.jpg 926w\" sizes=\"auto, (max-width: 300px) 100vw, 300px\" \/><\/a><a href=\"https:\/\/rzepedz.przemyska.pl\/wp-content\/uploads\/2020\/06\/5.jpg\"><img loading=\"lazy\" decoding=\"async\" class=\"alignright wp-image-169 size-medium\" src=\"https:\/\/rzepedz.przemyska.pl\/wp-content\/uploads\/2020\/06\/5-300x189.jpg\" alt=\"\" width=\"300\" height=\"189\" srcset=\"https:\/\/rzepedz.przemyska.pl\/wp-content\/uploads\/2020\/06\/5-300x189.jpg 300w, https:\/\/rzepedz.przemyska.pl\/wp-content\/uploads\/2020\/06\/5-768x483.jpg 768w, https:\/\/rzepedz.przemyska.pl\/wp-content\/uploads\/2020\/06\/5.jpg 1017w\" sizes=\"auto, (max-width: 300px) 100vw, 300px\" \/><\/a>Od nowego roku prace rozpocz\u0119\u0142y si\u0119 od sk\u0142adowania materia\u0142\u00f3w budowlanych, przygotowania szopy na materia\u0142y. W marcu p. Telesz, p. Zajdel, p. Adam Podstawski, W. Jamr\u00f3g, Capik pod\u0142\u0105czyli pr\u0105d.<br \/>\n29 III- 4 IV 1980 r. rozpocz\u0119\u0142y si\u0119 ju\u017c wykopy a od 5 do 12 kwietnia przygotowania fundament\u00f3w<br \/>\n11 IV 1981 r. zalano \u0142awy w pracach bra\u0142o udzia\u0142 ok. stu ludzi. W og\u0142oszeniach ks. Proboszcz powiedzia\u0142:<br \/>\n<em>\u201eRozpocz\u0119li\u015bmy budow\u0119 ko\u015bcio\u0142a w Rzepedzi. Wa\u017cne prace. To wysi\u0142ek wszystkich Was z Rzepedzi, ale to sprawa ca\u0142ej parafii. W tym tygodniu przed \u015bwi\u0119tami chcemy zrobi\u0107 fundamenty. Musimy to zrobi\u0107, bo si\u0119 zasypie gdyby przyszed\u0142 deszcz(\u2026) dzi\u0119kuj\u0119 za wczorajsze prace bardzo du\u017co zrobiono ten tydzie\u0144 by\u0142 szcz\u0119\u015bliwy. Trudno mi ci\u0105gle dzi\u0119kowa\u0107. Zw\u0142aszcza m\u0142odszym \u2013 wczoraj ci\u0119\u017cko pracowali (\u2026) Ko\u015bci\u00f3\u0142 b\u0119dzie sta\u0142 otwarty dla wszystkich, nawet gdy kto\u015b wyjedzie z Rzepedzi, b\u0119dzie mia\u0142 sw\u00f3j udzia\u0142 w powstaniu \u015bwi\u0105tyni, ale chyba przyjemnie b\u0119dzie popatrze\u0107 na nasz trud ofiary, kt\u00f3re z\u0142o\u017cyli\u015bcie, teraz trzeba pracy. Zr\u00f3bmy ten wysi\u0142ek nawet gdyby\u015bmy rok na wczasy nie pojechali, byli parafianie, kt\u00f3rzy wzi\u0119li urlop i ca\u0142e wakacje pracowali (nie chc\u0119 wymienia\u0107 nazwisk).\u201d<\/em><br \/>\nI takimi s\u0142owami motywacji nasz proboszcz mobilizowa\u0142 parafian do pracy. A od poniedzia\u0142ku praca wrze. Mn\u00f3stwo mieszka\u0144c\u00f3w Rzepedzi i pobliskich wsi rusza do pracy.<br \/>\nOd 27 VI do 2 V 1981 r. betonowanie \u015bcian ko\u015bcio\u0142a. 2 Maja strop, \u015bciany do okien wszystko sami. Potrwa\u0142o to do 24 V.<br \/>\nZ inicjatywy \u201eSolidarno\u015bci\u2019 zakupiono tabernakulum. Zak\u0142ad pracuje na ko\u015bci\u00f3\u0142 w woln\u0105 sobot\u0119.<\/p>\n<figure id=\"attachment_170\" aria-describedby=\"caption-attachment-170\" style=\"width: 211px\" class=\"wp-caption alignleft\"><a href=\"https:\/\/rzepedz.przemyska.pl\/wp-content\/uploads\/2020\/06\/6.jpg\"><img loading=\"lazy\" decoding=\"async\" class=\"wp-image-170 size-medium\" title=\"przywitanie chlebem i sol\u0105 \u2013 \u015awierad Wn\u0119kowicz\" src=\"https:\/\/rzepedz.przemyska.pl\/wp-content\/uploads\/2020\/06\/6-211x300.jpg\" alt=\"\" width=\"211\" height=\"300\" srcset=\"https:\/\/rzepedz.przemyska.pl\/wp-content\/uploads\/2020\/06\/6-211x300.jpg 211w, https:\/\/rzepedz.przemyska.pl\/wp-content\/uploads\/2020\/06\/6.jpg 612w\" sizes=\"auto, (max-width: 211px) 100vw, 211px\" \/><\/a><figcaption id=\"caption-attachment-170\" class=\"wp-caption-text\"><em>przywitanie chlebem i sol\u0105 \u2013 \u015awierad Wn\u0119kowicz <\/em><\/figcaption><\/figure>\n<figure id=\"attachment_171\" aria-describedby=\"caption-attachment-171\" style=\"width: 300px\" class=\"wp-caption alignright\"><a href=\"https:\/\/rzepedz.przemyska.pl\/wp-content\/uploads\/2020\/06\/7.jpg\"><img loading=\"lazy\" decoding=\"async\" class=\"wp-image-171 size-medium\" src=\"https:\/\/rzepedz.przemyska.pl\/wp-content\/uploads\/2020\/06\/7-300x196.jpg\" alt=\"\" width=\"300\" height=\"196\" srcset=\"https:\/\/rzepedz.przemyska.pl\/wp-content\/uploads\/2020\/06\/7-300x196.jpg 300w, https:\/\/rzepedz.przemyska.pl\/wp-content\/uploads\/2020\/06\/7-768x501.jpg 768w, https:\/\/rzepedz.przemyska.pl\/wp-content\/uploads\/2020\/06\/7.jpg 1024w\" sizes=\"auto, (max-width: 300px) 100vw, 300px\" \/><\/a><figcaption id=\"caption-attachment-171\" class=\"wp-caption-text\"><em>przybycie Ks. Biskupa &#8211; kawalkada motocykli<\/em><\/figcaption><\/figure>\n<p style=\"text-align: justify;\">Pami\u0119tn\u0105 dat\u0105 w historii budowy sta\u0142 si\u0119 <strong>5 VI 1981 r.<\/strong>, kiedy to ks. biskup ordynariusz wmurowa\u0142 kamie\u0144 w\u0119gielny.<\/p>\n<p>&nbsp;<\/p>\n<p>&nbsp;<\/p>\n<p>&nbsp;<\/p>\n<p>&nbsp;<\/p>\n<p>&nbsp;<\/p>\n<p>&nbsp;<\/p>\n<p><a href=\"https:\/\/rzepedz.przemyska.pl\/wp-content\/uploads\/2020\/06\/7-1.jpg\"><img loading=\"lazy\" decoding=\"async\" class=\"aligncenter wp-image-172 size-full\" src=\"https:\/\/rzepedz.przemyska.pl\/wp-content\/uploads\/2020\/06\/7-1.jpg\" alt=\"\" width=\"794\" height=\"1123\" srcset=\"https:\/\/rzepedz.przemyska.pl\/wp-content\/uploads\/2020\/06\/7-1.jpg 794w, https:\/\/rzepedz.przemyska.pl\/wp-content\/uploads\/2020\/06\/7-1-212x300.jpg 212w, https:\/\/rzepedz.przemyska.pl\/wp-content\/uploads\/2020\/06\/7-1-724x1024.jpg 724w, https:\/\/rzepedz.przemyska.pl\/wp-content\/uploads\/2020\/06\/7-1-768x1086.jpg 768w\" sizes=\"auto, (max-width: 794px) 100vw, 794px\" \/><\/a><\/p>\n<p style=\"text-align: right;\"><em>(red. Rodziny Bo\u017cej)<\/em><\/p>\n","protected":false},"excerpt":{"rendered":"<p>24 grudnia 1976 r. (WIGILIA) godz. 22:30 \u201e\u2026.No dobra czas si\u0119 zbiera\u0107 bo droga przed nami daleka\u2026.\u201d Tak zaczynano \u015bwi\u0119towa\u0107 okres Bo\u017cego Narodzenia w rodzinach, kt\u00f3re mieszka\u0142y w Rzepedzi, Turza\u0144sku, czy Jaworniku. Do ko\u015bcio\u0142a na Pasterk\u0119 trzeba by\u0142o doj\u015b\u0107 do Koma\u0144czy, a o \u015brodkach komunikacji nawet nie marzono. Zim\u0105 \u2013 mr\u00f3z i \u015bnieg, latem \u2013 [&hellip;]<\/p>\n","protected":false},"author":1,"featured_media":0,"parent":0,"menu_order":0,"comment_status":"closed","ping_status":"closed","template":"","meta":{"footnotes":""},"class_list":["post-156","page","type-page","status-publish","czr-hentry"],"jetpack_sharing_enabled":true,"_links":{"self":[{"href":"https:\/\/rzepedz.przemyska.pl\/index.php\/wp-json\/wp\/v2\/pages\/156","targetHints":{"allow":["GET"]}}],"collection":[{"href":"https:\/\/rzepedz.przemyska.pl\/index.php\/wp-json\/wp\/v2\/pages"}],"about":[{"href":"https:\/\/rzepedz.przemyska.pl\/index.php\/wp-json\/wp\/v2\/types\/page"}],"author":[{"embeddable":true,"href":"https:\/\/rzepedz.przemyska.pl\/index.php\/wp-json\/wp\/v2\/users\/1"}],"replies":[{"embeddable":true,"href":"https:\/\/rzepedz.przemyska.pl\/index.php\/wp-json\/wp\/v2\/comments?post=156"}],"version-history":[{"count":0,"href":"https:\/\/rzepedz.przemyska.pl\/index.php\/wp-json\/wp\/v2\/pages\/156\/revisions"}],"wp:attachment":[{"href":"https:\/\/rzepedz.przemyska.pl\/index.php\/wp-json\/wp\/v2\/media?parent=156"}],"curies":[{"name":"wp","href":"https:\/\/api.w.org\/{rel}","templated":true}]}}