{"id":1805,"date":"2024-01-05T15:52:12","date_gmt":"2024-01-05T14:52:12","guid":{"rendered":"https:\/\/rzepedz.przemyska.pl\/?page_id=1805"},"modified":"2024-08-30T15:46:40","modified_gmt":"2024-08-30T13:46:40","slug":"zapytanie-ofertowe","status":"publish","type":"page","link":"https:\/\/rzepedz.przemyska.pl\/index.php\/zapytanie-ofertowe\/","title":{"rendered":"Zapytanie ofertowe"},"content":{"rendered":"<p><a href=\"https:\/\/rzepedz.przemyska.pl\/wp-content\/uploads\/2024\/01\/Zapytanie-ofertowe.pdf\"><strong>Wykonanie rob\u00f3t budowlanych zwi\u0105zanych z popraw\u0105 dost\u0119pno\u015bci do ko\u015bcio\u0142a pw. \u015aw. Maksymiliana Marii Kolbego w Rzepedzi.pdf<\/strong><\/a><\/p>\n<p style=\"padding-left: 40px;\">Do pobrania:<\/p>\n<p><a href=\"https:\/\/rzepedz.przemyska.pl\/wp-content\/uploads\/2024\/01\/Specyfikacja-Techniczna.pdf\">Specyfikacja techniczna.pdf\u00a0<\/a><\/p>\n<p><a href=\"https:\/\/rzepedz.przemyska.pl\/wp-content\/uploads\/2024\/01\/Przedmiar-robot.pdf\">Przedmiar rob\u00f3t.pdf<\/a><\/p>\n<p><a href=\"https:\/\/rzepedz.przemyska.pl\/wp-content\/uploads\/2024\/01\/rzut-podjazd-pochylni.pdf\">Rzut podjazd pochylni.pdf<\/a><\/p>\n<p><a href=\"https:\/\/rzepedz.przemyska.pl\/wp-content\/uploads\/2024\/01\/podjazd-pochylnia-widok.pdf\">Podjazd pochylnia widok.pdf<\/a><\/p>\n<p><a href=\"https:\/\/rzepedz.przemyska.pl\/wp-content\/uploads\/2024\/01\/11PlanytyflograficznestaloweS2PTS.pdf\">11 Plany tyflograficzne stalowe S2PTS.pdf<\/a><\/p>\n<p><a href=\"https:\/\/rzepedz.przemyska.pl\/wp-content\/uploads\/2024\/01\/12PlanytyflograficznetworzywoS2PTT.pdf\">12 Plany tyflograficzne tworzywo S2PTT.pdf<\/a><\/p>\n<p><a href=\"https:\/\/rzepedz.przemyska.pl\/wp-content\/uploads\/2024\/01\/14NakladkinaporeczeS2NP.pdf\">14 Nak\u0142adki na por\u0119cze S2NP.pdf<\/a><\/p>\n<p><a href=\"https:\/\/rzepedz.przemyska.pl\/wp-content\/uploads\/2024\/01\/21PinezkastalowaS2PS.pdf\">21 Pinezka stalowa S2PS.pdf<\/a><\/p>\n<p><a href=\"https:\/\/rzepedz.przemyska.pl\/wp-content\/uploads\/2024\/01\/22PinezkastalowaantyposlizgowaS2PSA.pdf\"><span class=\"media-list-title\">22 Pinezka stalowa antypo\u015blizgowa S2PSA.pdf<\/span><\/a><\/p>\n<p><a href=\"https:\/\/rzepedz.przemyska.pl\/wp-content\/uploads\/2024\/01\/26ListwastalowaantyposlizgowaS2LSA.pdf\"><span class=\"media-list-subtitle\">26 Listwa stalowa antypo\u015blizgowa S2LSA.pdf<\/span><\/a><\/p>\n<p><a href=\"https:\/\/rzepedz.przemyska.pl\/wp-content\/uploads\/2024\/01\/28PoleuwagitworzywoPUT-2.pdf\"><span class=\"media-list-subtitle\">28 Pole uwagi tworzywo PUT-2.pdf<\/span><\/a><\/p>\n<p><a href=\"https:\/\/rzepedz.przemyska.pl\/wp-content\/uploads\/2024\/01\/porecz_brajl_kusmierz_pisarzewski.jpg\"><span class=\"media-list-subtitle\">Por\u0119cz brajl kusmierz pisarzewski.jpg<\/span><\/a><\/p>\n<p><a href=\"https:\/\/rzepedz.przemyska.pl\/wp-content\/uploads\/2024\/01\/zalacznik-nr-1-do-zapytania-formularz-oferty.docx\"><span class=\"media-list-subtitle\">Za\u0142\u0105cznik nr 1 do zapytania &#8211; formularz oferty.docx<\/span><\/a><\/p>\n<p><a href=\"https:\/\/rzepedz.przemyska.pl\/wp-content\/uploads\/2024\/01\/zalacznik-nr-2-do-zapytania-oswiadczenia-ws-spelnienia-warunkow-postepowania.docx\"><span class=\"media-list-subtitle\">Za\u0142\u0105cznik nr 2 do zapytania &#8211; o\u015bwiadczenia ws spe\u0142nienia warunk\u00f3w post\u0119powania.docx<\/span><\/a><\/p>\n<p><a href=\"https:\/\/rzepedz.przemyska.pl\/wp-content\/uploads\/2024\/01\/zalacznik-nr-3-do-zapytania-oswiadczenia-o-niepodleganiu-wykluczeniu.docx\"><span class=\"media-list-subtitle\">Za\u0142\u0105cznik nr 3 do zapytania &#8211; o\u015bwiadczenia o niepodleganiu wykluczeniu.docx<\/span><\/a><\/p>\n<p><a href=\"https:\/\/rzepedz.przemyska.pl\/wp-content\/uploads\/2024\/01\/zalacznik-nr-4-oswiadczenie-o-braku-powiazan-kapitalowych.docx\"><span class=\"media-list-subtitle\">Za\u0142\u0105cznik nr 4 &#8211; <\/span><span class=\"media-list-subtitle\">o\u015bwiadczenie o braku powi\u0105za\u0144 kapita\u0142owych.docx<\/span><\/a><\/p>\n<p><a href=\"https:\/\/rzepedz.przemyska.pl\/wp-content\/uploads\/2024\/01\/zalacznik-nr-5-do-zapytania-projektowane-postanowienia-umowy.pdf\"><span class=\"media-list-subtitle\">Za\u0142\u0105cznik nr 5 do zapytania &#8211; projektowane postanowienia umowy.pdf<\/span><\/a><\/p>\n<p><a href=\"https:\/\/rzepedz.przemyska.pl\/wp-content\/uploads\/2024\/01\/informacja-z-otwarcia-ofert.pdf\">Informacja z otwarcia ofert.pdf<\/a><\/p>\n<p><a href=\"https:\/\/rzepedz.przemyska.pl\/wp-content\/uploads\/2024\/01\/informacja-o-wyborze-najkorzystniejszej-oferty.pdf\">Informacja o wyborze najkorzystniejszej oferty.pdf<\/a><\/p>\n<p><a href=\"https:\/\/rzepedz.przemyska.pl\/wp-content\/uploads\/2024\/07\/DLA-NIEPELNOSPRAWNYCH.docx\">https:\/\/rzepedz.przemyska.pl\/wp-content\/uploads\/2024\/07\/DLA-NIEPELNOSPRAWNYCH.docx<\/a><\/p>\n<p><a href=\"https:\/\/rzepedz.przemyska.pl\/wp-content\/uploads\/2024\/07\/Podjazd-dla-niepelnosprawnych-dokumentacja-zdjeciowa.pdf\">Podjazd dla niepe\u0142nosprawnych dokumentacja zdj\u0119ciowa<\/a><\/p>\n<p><a href=\"https:\/\/rzepedz.przemyska.pl\/wp-content\/uploads\/2024\/07\/Podjazd-dla-niepelnosprawnych-dokumentacja-zdjeciowa.pdf\">https:\/\/rzepedz.przemyska.pl\/wp-content\/uploads\/2024\/07\/Podjazd-dla-niepelnosprawnych-dokumentacja-zdjeciowa.pdf<\/a><\/p>\n","protected":false},"excerpt":{"rendered":"<p>Wykonanie rob\u00f3t budowlanych zwi\u0105zanych z popraw\u0105 dost\u0119pno\u015bci do ko\u015bcio\u0142a pw. \u015aw. Maksymiliana Marii Kolbego w Rzepedzi.pdf Do pobrania: Specyfikacja techniczna.pdf\u00a0 Przedmiar rob\u00f3t.pdf Rzut podjazd pochylni.pdf Podjazd pochylnia widok.pdf 11 Plany tyflograficzne stalowe S2PTS.pdf 12 Plany tyflograficzne tworzywo S2PTT.pdf 14 Nak\u0142adki na por\u0119cze S2NP.pdf 21 Pinezka stalowa S2PS.pdf 22 Pinezka stalowa antypo\u015blizgowa S2PSA.pdf 26 Listwa stalowa [&hellip;]<\/p>\n","protected":false},"author":1,"featured_media":0,"parent":0,"menu_order":0,"comment_status":"closed","ping_status":"closed","template":"","meta":{"footnotes":""},"class_list":["post-1805","page","type-page","status-publish","czr-hentry"],"jetpack_sharing_enabled":true,"_links":{"self":[{"href":"https:\/\/rzepedz.przemyska.pl\/index.php\/wp-json\/wp\/v2\/pages\/1805","targetHints":{"allow":["GET"]}}],"collection":[{"href":"https:\/\/rzepedz.przemyska.pl\/index.php\/wp-json\/wp\/v2\/pages"}],"about":[{"href":"https:\/\/rzepedz.przemyska.pl\/index.php\/wp-json\/wp\/v2\/types\/page"}],"author":[{"embeddable":true,"href":"https:\/\/rzepedz.przemyska.pl\/index.php\/wp-json\/wp\/v2\/users\/1"}],"replies":[{"embeddable":true,"href":"https:\/\/rzepedz.przemyska.pl\/index.php\/wp-json\/wp\/v2\/comments?post=1805"}],"version-history":[{"count":17,"href":"https:\/\/rzepedz.przemyska.pl\/index.php\/wp-json\/wp\/v2\/pages\/1805\/revisions"}],"predecessor-version":[{"id":1809,"href":"https:\/\/rzepedz.przemyska.pl\/index.php\/wp-json\/wp\/v2\/pages\/1805\/revisions\/1809"}],"wp:attachment":[{"href":"https:\/\/rzepedz.przemyska.pl\/index.php\/wp-json\/wp\/v2\/media?parent=1805"}],"curies":[{"name":"wp","href":"https:\/\/api.w.org\/{rel}","templated":true}]}}