{"id":2060,"date":"2024-08-30T15:23:21","date_gmt":"2024-08-30T13:23:21","guid":{"rendered":"https:\/\/rzepedz.przemyska.pl\/?page_id=2060"},"modified":"2024-10-03T20:14:25","modified_gmt":"2024-10-03T18:14:25","slug":"zapytanie-ofertowe-1-2","status":"publish","type":"page","link":"https:\/\/rzepedz.przemyska.pl\/index.php\/zapytanie-ofertowe-1-2\/","title":{"rendered":"Zapytanie ofertowe 1"},"content":{"rendered":"<p><a href=\"https:\/\/rzepedz.przemyska.pl\/wp-content\/uploads\/2024\/08\/Ogloszenie-postepowanie-zakupowe-RPOZ-1.pdf\"><strong>Og\u0142oszenie post\u0119powanie zakupowe RPOZ (1)\u00a0 &#8211; \u00a0<\/strong><\/a><strong><a href=\"https:\/\/rzepedz.przemyska.pl\/wp-content\/uploads\/2024\/08\/Ogloszenie-postepowanie-zakupowe-RPOZ-1.pdf\">Konserwacja i remont zabytkowej dzwonnicy przy ko\u015bciele filialnym pw. Matki Bo\u017cej Nieustaj\u0105cej Pomocy w Kulasznem<\/a><\/strong><\/p>\n<p style=\"padding-left: 40px;\"><strong><em>do pobrania<\/em><\/strong><\/p>\n<p><a href=\"https:\/\/rzepedz.przemyska.pl\/wp-content\/uploads\/2024\/08\/Zal.-nr-1-Formularz-oferty.docx\">Zal. nr 1 &#8211; Formularz oferty<\/a><\/p>\n<p><a href=\"https:\/\/rzepedz.przemyska.pl\/wp-content\/uploads\/2024\/08\/Zal.-nr-2-wzor-umowy.pdf\">Zal. nr 2 &#8211; wz\u00f3r umowy<\/a><\/p>\n<p><a href=\"https:\/\/rzepedz.przemyska.pl\/wp-content\/uploads\/2024\/08\/Zal.-nr-3-Program-robot-budowlanych.pdf\">Za\u0142. nr 3 &#8211; Program rob\u00f3t budowlanych<\/a><\/p>\n<p><a href=\"https:\/\/rzepedz.przemyska.pl\/wp-content\/uploads\/2024\/08\/Zal.-nr-4-Opinia-konserwatora.pdf\">Za\u0142. nr 4 &#8211; Opinia konserwatora<\/a><\/p>\n<p><a href=\"https:\/\/rzepedz.przemyska.pl\/wp-content\/uploads\/2024\/08\/Zal.-nr-5-Przedmiar-Robot.pdf\">Za\u0142. nr 5 &#8211; Przedmiar Rob\u00f3t<\/a><\/p>\n<p><a href=\"https:\/\/rzepedz.przemyska.pl\/wp-content\/uploads\/2024\/08\/Zal.-nr-6-Specyfikacja-techniczna-wykonawstwa-robot.pdf\">Za\u0142. nr 6 &#8211; Specyfikacja techniczna wykonawstwa rob\u00f3t<\/a><\/p>\n<p style=\"padding-left: 40px;\"><strong><em>Dokumenty programowe Rz\u0105dowego Funduszu Odbudowy Zabytk\u00f3w<\/em><\/strong><\/p>\n<p><a href=\"https:\/\/rzepedz.przemyska.pl\/wp-content\/uploads\/2024\/08\/Uchwala_Rady_Ministrow_uchw._nr_232_RM_23.11.2022_program_zabytki.pdf\">Uchwa\u0142a_Rady_Ministr\u00f3w_uchw._nr_232_RM_23.11.2022_program_zabytki<\/a><\/p>\n<p><a href=\"https:\/\/rzepedz.przemyska.pl\/wp-content\/uploads\/2024\/08\/Regulamin_odbudowa_zabytkow_23112022.pdf\">Regulamin_odbudowa_zabytkow_23112022<\/a><\/p>\n<p><a href=\"https:\/\/rzepedz.przemyska.pl\/wp-content\/uploads\/2024\/08\/Opis-programu-_zal._do_uchw._nr_232_RM_2022.pdf\">Opis programu _zal._do_uchw._nr_232_RM_2022<\/a><\/p>\n<p><a href=\"https:\/\/rzepedz.przemyska.pl\/wp-content\/uploads\/2024\/09\/Informacja-z-otwarcia-ofert.pdf\"><strong>Informacja-z-otwarcia-ofert.pdf<\/strong><\/a><\/p>\n<p>&nbsp;<\/p>\n<p><a href=\"https:\/\/rzepedz.przemyska.pl\/wp-content\/uploads\/2024\/10\/informacja-o-uniewaznieniu-postepowania-zakupowego.pdf\"><strong>Informacja o uniewa\u017cnieniu post\u0119powania zakupowego<\/strong><\/a><\/p>\n","protected":false},"excerpt":{"rendered":"<p>Og\u0142oszenie post\u0119powanie zakupowe RPOZ (1)\u00a0 &#8211; \u00a0Konserwacja i remont zabytkowej dzwonnicy przy ko\u015bciele filialnym pw. Matki Bo\u017cej Nieustaj\u0105cej Pomocy w Kulasznem do pobrania Zal. nr 1 &#8211; Formularz oferty Zal. nr 2 &#8211; wz\u00f3r umowy Za\u0142. nr 3 &#8211; Program rob\u00f3t budowlanych Za\u0142. nr 4 &#8211; Opinia konserwatora Za\u0142. nr 5 &#8211; Przedmiar Rob\u00f3t Za\u0142. [&hellip;]<\/p>\n","protected":false},"author":1,"featured_media":0,"parent":0,"menu_order":0,"comment_status":"closed","ping_status":"closed","template":"","meta":{"footnotes":""},"class_list":["post-2060","page","type-page","status-publish","czr-hentry"],"jetpack_sharing_enabled":true,"_links":{"self":[{"href":"https:\/\/rzepedz.przemyska.pl\/index.php\/wp-json\/wp\/v2\/pages\/2060","targetHints":{"allow":["GET"]}}],"collection":[{"href":"https:\/\/rzepedz.przemyska.pl\/index.php\/wp-json\/wp\/v2\/pages"}],"about":[{"href":"https:\/\/rzepedz.przemyska.pl\/index.php\/wp-json\/wp\/v2\/types\/page"}],"author":[{"embeddable":true,"href":"https:\/\/rzepedz.przemyska.pl\/index.php\/wp-json\/wp\/v2\/users\/1"}],"replies":[{"embeddable":true,"href":"https:\/\/rzepedz.przemyska.pl\/index.php\/wp-json\/wp\/v2\/comments?post=2060"}],"version-history":[{"count":15,"href":"https:\/\/rzepedz.przemyska.pl\/index.php\/wp-json\/wp\/v2\/pages\/2060\/revisions"}],"predecessor-version":[{"id":2137,"href":"https:\/\/rzepedz.przemyska.pl\/index.php\/wp-json\/wp\/v2\/pages\/2060\/revisions\/2137"}],"wp:attachment":[{"href":"https:\/\/rzepedz.przemyska.pl\/index.php\/wp-json\/wp\/v2\/media?parent=2060"}],"curies":[{"name":"wp","href":"https:\/\/api.w.org\/{rel}","templated":true}]}}