{"id":2139,"date":"2024-10-03T20:19:39","date_gmt":"2024-10-03T18:19:39","guid":{"rendered":"https:\/\/rzepedz.przemyska.pl\/?page_id=2139"},"modified":"2024-11-14T16:53:12","modified_gmt":"2024-11-14T15:53:12","slug":"zapytanie-ofertowe-2-2","status":"publish","type":"page","link":"https:\/\/rzepedz.przemyska.pl\/index.php\/zapytanie-ofertowe-2-2\/","title":{"rendered":"Zapytanie ofertowe 2"},"content":{"rendered":"<p><a href=\"https:\/\/rzepedz.przemyska.pl\/wp-content\/uploads\/2024\/10\/Ogloszenie-postepowanie-zakupowe-RPOZ.pdf\"><strong>Og\u0142oszenie post\u0119powania zakupowego RPOZ<\/strong><\/a><\/p>\n<p><a href=\"https:\/\/rzepedz.przemyska.pl\/wp-content\/uploads\/2024\/11\/Informacja-z-otwarcia-ofert-podpisana.pdf\"><strong>Informacja z otwarcia ofert podpisana<\/strong><\/a><\/p>\n<p><strong><a href=\"https:\/\/rzepedz.przemyska.pl\/wp-content\/uploads\/2024\/11\/Infoamacja-o-wyborze-najkorzystniejszej-oferty.pdf\">Informacja o wyborze najkorzystniejszej oferty<\/a><\/strong><\/p>\n<p><a href=\"https:\/\/rzepedz.przemyska.pl\/wp-content\/uploads\/2024\/10\/Zal.-nr-1-Formularz-oferty-1.docx\">Zal. nr 1 &#8211; Formularz oferty (1)<\/a><\/p>\n<p><a href=\"https:\/\/rzepedz.przemyska.pl\/wp-content\/uploads\/2024\/10\/zal.-2-wzor-umowy.pdf\">zal. 2 wz\u00f3r umowy<\/a><\/p>\n<p><a href=\"https:\/\/rzepedz.przemyska.pl\/wp-content\/uploads\/2024\/10\/Zal.-nr-3-Program-robot-budowlanych.pdf\">Za\u0142. nr 3 &#8211; Program rob\u00f3t budowlanych<\/a><\/p>\n<p><a href=\"https:\/\/rzepedz.przemyska.pl\/wp-content\/uploads\/2024\/10\/Zal.-nr-4-Opinia-konserwatora.pdf\">Za\u0142. nr 4 &#8211; Opinia konserwatora<\/a><\/p>\n<p><a href=\"https:\/\/rzepedz.przemyska.pl\/wp-content\/uploads\/2024\/10\/Zal.-nr-5-Przedmiar-Robot.pdf\">Za\u0142. nr 5 &#8211; Przedmiar Rob\u00f3t<\/a><\/p>\n<p><a href=\"https:\/\/rzepedz.przemyska.pl\/wp-content\/uploads\/2024\/10\/Zal.-nr-6-Specyfikacja-techniczna-wykonawstwa-robot.pdf\">Za\u0142. nr 6 &#8211; Specyfikacja techniczna wykonawstwa rob\u00f3t<\/a><\/p>\n<p>&nbsp;<\/p>\n<p><strong>Dokumenty programowe Rz\u0105dowego Funduszu Odbudowy Zabytk\u00f3w<\/strong><\/p>\n<p><a href=\"https:\/\/rzepedz.przemyska.pl\/wp-content\/uploads\/2024\/10\/Opis-programu-_zal._do_uchw._nr_232_RM_2022.pdf\">Opis programu _zal._do_uchw._nr_232_RM_2022<\/a><\/p>\n<p><a href=\"https:\/\/rzepedz.przemyska.pl\/wp-content\/uploads\/2024\/10\/Regulamin_odbudowa_zabytkow_23112022.pdf\">Regulamin_odbudowa_zabytkow_23112022<\/a><\/p>\n<p><a href=\"https:\/\/rzepedz.przemyska.pl\/wp-content\/uploads\/2024\/10\/Uchwala_Rady_Ministrow_uchw._nr_232_RM_23.11.2022_program_zabytki.pdf\">Uchwa\u0142a_Rady_Ministr\u00f3w_uchw._nr_232_RM_23.11.2022_program_zabytki<\/a><\/p>\n","protected":false},"excerpt":{"rendered":"<p>Og\u0142oszenie post\u0119powania zakupowego RPOZ Informacja z otwarcia ofert podpisana Informacja o wyborze najkorzystniejszej oferty Zal. nr 1 &#8211; Formularz oferty (1) zal. 2 wz\u00f3r umowy Za\u0142. nr 3 &#8211; Program rob\u00f3t budowlanych Za\u0142. nr 4 &#8211; Opinia konserwatora Za\u0142. nr 5 &#8211; Przedmiar Rob\u00f3t Za\u0142. nr 6 &#8211; Specyfikacja techniczna wykonawstwa rob\u00f3t &nbsp; Dokumenty programowe [&hellip;]<\/p>\n","protected":false},"author":1,"featured_media":0,"parent":0,"menu_order":0,"comment_status":"closed","ping_status":"closed","template":"","meta":{"footnotes":""},"class_list":["post-2139","page","type-page","status-publish","czr-hentry"],"jetpack_sharing_enabled":true,"_links":{"self":[{"href":"https:\/\/rzepedz.przemyska.pl\/index.php\/wp-json\/wp\/v2\/pages\/2139","targetHints":{"allow":["GET"]}}],"collection":[{"href":"https:\/\/rzepedz.przemyska.pl\/index.php\/wp-json\/wp\/v2\/pages"}],"about":[{"href":"https:\/\/rzepedz.przemyska.pl\/index.php\/wp-json\/wp\/v2\/types\/page"}],"author":[{"embeddable":true,"href":"https:\/\/rzepedz.przemyska.pl\/index.php\/wp-json\/wp\/v2\/users\/1"}],"replies":[{"embeddable":true,"href":"https:\/\/rzepedz.przemyska.pl\/index.php\/wp-json\/wp\/v2\/comments?post=2139"}],"version-history":[{"count":6,"href":"https:\/\/rzepedz.przemyska.pl\/index.php\/wp-json\/wp\/v2\/pages\/2139\/revisions"}],"predecessor-version":[{"id":2199,"href":"https:\/\/rzepedz.przemyska.pl\/index.php\/wp-json\/wp\/v2\/pages\/2139\/revisions\/2199"}],"wp:attachment":[{"href":"https:\/\/rzepedz.przemyska.pl\/index.php\/wp-json\/wp\/v2\/media?parent=2139"}],"curies":[{"name":"wp","href":"https:\/\/api.w.org\/{rel}","templated":true}]}}