{"id":332,"date":"2021-01-11T19:52:07","date_gmt":"2021-01-11T18:52:07","guid":{"rendered":"https:\/\/rzepedz.przemyska.pl\/?page_id=332"},"modified":"2021-01-12T10:06:36","modified_gmt":"2021-01-12T09:06:36","slug":"chrzest","status":"publish","type":"page","link":"https:\/\/rzepedz.przemyska.pl\/index.php\/chrzest\/","title":{"rendered":"Chrzest"},"content":{"rendered":"<p style=\"text-align: justify;\"><img loading=\"lazy\" decoding=\"async\" class=\"size-full wp-image-422 alignleft\" src=\"https:\/\/rzepedz.przemyska.pl\/wp-content\/uploads\/2021\/01\/chrzest.jpg\" alt=\"\" width=\"125\" height=\"170\" \/>Uwagi praktyczne odno\u015bnie do Sakramentu<\/p>\n<p style=\"text-align: justify;\">Chrzest nale\u017cy zg\u0142osi\u0107 przynajmniej na tydzie\u0144 przed jego planowanym udzieleniem. Nale\u017cy przy tym okaza\u0107 akt urodzenia z USC. W przypadku dzieci spoza parafii wymagana jest pisemna zgoda w\u0142asnego proboszcza. Rodzice i chrzestni zobowi\u0105zani s\u0105 do przyst\u0105pienia do sakramentu pokuty i\u00a0pojednania. Rodzicami chrzestnymi mog\u0105 by\u0107 praktykuj\u0105cy katolicy, kt\u00f3rzy przyj\u0119li sakrament bierzmowania. Rodzice chrzestni pochodz\u0105cy spoza parafii, powinni okaza\u0107 stosowne za\u015bwiadczenie od\u00a0proboszcza w\u0142asnej parafii, \u017ce mog\u0105 by\u0107 dopuszczeni do godno\u015bci matki i ojca chrzestnego.<\/p>\n<p style=\"text-align: justify;\">Z funkcji rodzic\u00f3w chrzestnych wykluczone s\u0105 osoby:<\/p>\n<ul style=\"text-align: justify;\">\n<li>niepraktykuj\u0105ce,<\/li>\n<li>niepraktykuj\u0105ce, pozostaj\u0105ce w cywilnych zwi\u0105zkach ma\u0142\u017ce\u0144skich,<\/li>\n<li>uczniowie obj\u0119ci obowi\u0105zkiem katechezy, kt\u00f3rzy w niej nie uczestnicz\u0105.<\/li>\n<\/ul>\n<p style=\"text-align: justify;\">Prosimy o przybycie na Msz\u0119 \u015awi\u0119t\u0105 chrzcieln\u0105 przynajmniej 5 min. przed jej rozpocz\u0119ciem oraz\u00a0zabranie ze sob\u0105 tzw. bia\u0142ej szaty i \u015bwiecy chrzcielnej. Chrzest jest w\u0142\u0105czeniem do Ko\u015bcio\u0142a i\u00a0powinien by\u0107 dniem rado\u015bci ca\u0142ej rodziny. Najpi\u0119kniejszym darem dla dziecka jest modlitwa i\u00a0przyj\u0119cie Komunii \u015awi\u0119tej w jego intencji przez wszystkich najbli\u017cszych. W przypadku uzasadnionych w\u0105tpliwo\u015bci czy dziecko zostanie wychowane w duchu wiary katolickiej, chrzest mo\u017ce zosta\u0107 od\u0142o\u017cony (dotyczy to zw\u0142aszcza tych ma\u0142\u017conk\u00f3w, kt\u00f3rzy nie maj\u0105c przeszk\u00f3d kanonicznych, zawarli tylko kontrakt cywilny).<\/p>\n<h3 style=\"text-align: justify;\">Chrzest dzieci \u2013 wskazania dla rodzic\u00f3w<\/h3>\n<p style=\"text-align: justify;\">W zwi\u0105zku z chrztem dzieci, Ko\u015bci\u00f3\u0142 podaje rodzicom nast\u0119puj\u0105ce wskazania i przepisy:<\/p>\n<ol style=\"text-align: justify;\">\n<li>Zalecanym terminem chrztu dziecka jest okres jednego miesi\u0105ca po narodzeniu.<\/li>\n<li>Udzielenie sakramentu poprzedza katecheza sakramentalna. Uczestnicz\u0105 w niej obowi\u0105zkowo rodzice dziecka i rodzice chrzestni. Wspomniana katecheza odbywa si\u0119 w ustalonym przez duszpasterza terminie, zazwyczaj dwa dni przed uroczysto\u015bci\u0105. W czasie tej katechezy uczestnicy poznaj\u0105 teologi\u0119 i liturgi\u0119 sakramentu.<\/li>\n<li>W obrz\u0119dzie chrztu w ko\u015bciele powinni wzi\u0105\u0107 udzia\u0142, je\u015bli to mo\u017cliwe, matka i ojciec dziecka, poniewa\u017c maj\u0105 do spe\u0142nienia wa\u017cne zadania i czynno\u015bci liturgiczne: publicznie prosz\u0105 o\u00a0chrzest dziecka, kre\u015bl\u0105 na jego czole znak krzy\u017ca, wyrzekaj\u0105 si\u0119 szatana i sk\u0142adaj\u0105 wyznanie swojej wiary oraz otrzymuj\u0105 specjalne b\u0142ogos\u0142awie\u0144stwo. Matka lub ojciec niesie swoje dziecko do chrzcielnicy.<\/li>\n<li>Dla ka\u017cdego dziecka rodzice wybieraj\u0105 chrzestnych: matk\u0119 i ojca. S\u0105 oni przedstawicielami duchowej rodziny dziecka i reprezentuj\u0105 Ko\u015bci\u00f3\u0142. W razie potrzeby maj\u0105 wspiera\u0107 rodzic\u00f3w w\u00a0wychowaniu dziecka w wierze i zasadach moralno\u015bci chrze\u015bcija\u0144skiej. R\u00f3wnie\u017c chrzestni sk\u0142adaj\u0105 podczas liturgii wyznanie wiary i dlatego do tego zaszczytnego zadania nie mo\u017cna wybiera\u0107 os\u00f3b, kt\u00f3re nie mog\u0105 uczyni\u0107 tego szczerze.<\/li>\n<li>Ojciec chrzestny przygotowuje dla dziecka \u015bwiec\u0119 chrzcieln\u0105, a matka chrzestna symboliczn\u0105 bia\u0142\u0105 szat\u0119. Symbole te, b\u0119d\u0105ce zarazem pami\u0105tk\u0105 chrztu, chrzestni przynosz\u0105 do ko\u015bcio\u0142a na\u00a0liturgi\u0119 chrztu.<\/li>\n<li>Liturgia chrztu dziecka powinna odbywa\u0107 si\u0119 zazwyczaj w niedziel\u0119, w dniu, w kt\u00f3rym Ko\u015bci\u00f3\u0142 wspomina Zmartwychwstanie Jezusa. W naszej Parafii jest to zazwyczaj trzecia niedziela miesi\u0105ca. Nale\u017cy si\u0119 dostosowa\u0107 do godziny wyznaczonej na udzielanie chrztu.<\/li>\n<li>Akt chrztu dziecka spisuje si\u0119 wed\u0142ug danych zawartych w metryce Urz\u0119du Stanu Cywilnego, kt\u00f3rej odpis nale\u017cy przedstawi\u0107 duszpasterzowi. Rodzice powinni wcze\u015bniej wybra\u0107 imiona dla swego dziecka, przynajmniej jedno. Pi\u0119kn\u0105 tradycj\u0105 jest wybieranie imienia \u015bwi\u0119tych lub b\u0142ogos\u0142awionych, kt\u00f3rzy staj\u0105 si\u0119 duchowymi patronami dziecka. Rodzice za\u015b \u015bwiadcz\u0105 w ten spos\u00f3b o swojej \u015bwiadomej przynale\u017cno\u015bci do Ko\u015bcio\u0142a.<\/li>\n<li>Przyj\u0119cie, kt\u00f3re rodzice urz\u0105dzaj\u0105 dla chrzestnych, rodziny i przyjaci\u00f3\u0142 na znak rado\u015bci, \u017ce ich dziecko narodzi\u0142o si\u0119 w Chrystusie przez chrzest do \u017cycia wiecznego, ma mie\u0107 chrze\u015bcija\u0144ski charakter. Niech wszyscy uczestnicy przyj\u0119cia pami\u0119taj\u0105, \u017ce w\u015br\u00f3d nich obecny jest Chrystus, kt\u00f3ry zamieszka\u0142 przez Ducha \u015awi\u0119tego w nowo ochrzczonym dziecku.<\/li>\n<li>Aby chrzest swego dziecka prze\u017cy\u0107 w duchu wdzi\u0119czno\u015bci Bogu za Jego wielki dar i\u00a0zjednoczy\u0107 si\u0119 w u\u015bwi\u0119conym przez chrzest dzieckiem w mi\u0142o\u015bci i \u0142asce Chrystusa, rodzice, oczyszczeni w sakramencie pokuty, powinni przyst\u0105pi\u0107 w dniu chrztu do Komunii \u015awi\u0119tej \u2013 r\u00f3wnie\u017c chrzestni, cz\u0142onkowie rodziny i przyjaciele, bior\u0105cy udzia\u0142 w uroczysto\u015bci.<\/li>\n<li>Po\u00a0udzieleniu chrztu, rodzice dziecka, wdzi\u0119czni Bogu i wierni podj\u0119tym zadaniom, maj\u0105 obowi\u0105zek doprowadzi\u0107 dziecko do poznania Boga, nauczy\u0107 je modlitwy, posy\u0142a\u0107 je na\u00a0katechizacj\u0119 i przygotowa\u0107 do uczestnictwa w Eucharystii i przyj\u0119cia sakramentu bierzmowania.<\/li>\n<\/ol>\n<h3 style=\"text-align: justify;\">Nauczanie Ko\u015bcio\u0142a Katolickiego na temat Chrztu: <a href=\"http:\/\/www.katechizm.opoka.org.pl\/rkkkII-2-1.htm\" target=\"_blank\" rel=\"noopener\">Katechizm Ko\u015bcio\u0142a Katolickiego pkt. 1213-1284.<\/a><\/h3>\n<h3 style=\"text-align: justify;\">Obowi\u0105zuj\u0105ce normy prawne: <a href=\"https:\/\/www.katolicki.net\/ftp\/kodeks_prawa_kanonicznego.pdf\" target=\"_blank\" rel=\"noopener\">Kodeks Prawa Kanonicznego kan. 849-878.<\/a><\/h3>\n","protected":false},"excerpt":{"rendered":"<p>Uwagi praktyczne odno\u015bnie do Sakramentu Chrzest nale\u017cy zg\u0142osi\u0107 przynajmniej na tydzie\u0144 przed jego planowanym udzieleniem. Nale\u017cy przy tym okaza\u0107 akt urodzenia z USC. W przypadku dzieci spoza parafii wymagana jest pisemna zgoda w\u0142asnego proboszcza. Rodzice i chrzestni zobowi\u0105zani s\u0105 do przyst\u0105pienia do sakramentu pokuty i\u00a0pojednania. Rodzicami chrzestnymi mog\u0105 by\u0107 praktykuj\u0105cy katolicy, kt\u00f3rzy przyj\u0119li sakrament bierzmowania. [&hellip;]<\/p>\n","protected":false},"author":1,"featured_media":0,"parent":0,"menu_order":0,"comment_status":"closed","ping_status":"closed","template":"","meta":{"footnotes":""},"class_list":["post-332","page","type-page","status-publish","czr-hentry"],"jetpack_sharing_enabled":true,"_links":{"self":[{"href":"https:\/\/rzepedz.przemyska.pl\/index.php\/wp-json\/wp\/v2\/pages\/332","targetHints":{"allow":["GET"]}}],"collection":[{"href":"https:\/\/rzepedz.przemyska.pl\/index.php\/wp-json\/wp\/v2\/pages"}],"about":[{"href":"https:\/\/rzepedz.przemyska.pl\/index.php\/wp-json\/wp\/v2\/types\/page"}],"author":[{"embeddable":true,"href":"https:\/\/rzepedz.przemyska.pl\/index.php\/wp-json\/wp\/v2\/users\/1"}],"replies":[{"embeddable":true,"href":"https:\/\/rzepedz.przemyska.pl\/index.php\/wp-json\/wp\/v2\/comments?post=332"}],"version-history":[{"count":0,"href":"https:\/\/rzepedz.przemyska.pl\/index.php\/wp-json\/wp\/v2\/pages\/332\/revisions"}],"wp:attachment":[{"href":"https:\/\/rzepedz.przemyska.pl\/index.php\/wp-json\/wp\/v2\/media?parent=332"}],"curies":[{"name":"wp","href":"https:\/\/api.w.org\/{rel}","templated":true}]}}