{"id":336,"date":"2021-01-11T19:58:06","date_gmt":"2021-01-11T18:58:06","guid":{"rendered":"https:\/\/rzepedz.przemyska.pl\/?page_id=336"},"modified":"2021-01-11T20:15:40","modified_gmt":"2021-01-11T19:15:40","slug":"posluga-duszpasterska","status":"publish","type":"page","link":"https:\/\/rzepedz.przemyska.pl\/index.php\/posluga-duszpasterska\/","title":{"rendered":"Pos\u0142uga duszpasterska"},"content":{"rendered":"<p>Chrzest, Bierzmowanie, Eucharystia, Pokuta, Namaszczenie chorych, Ma\u0142\u017ce\u0144stwo, Kap\u0142a\u0144stwo<\/p>\n<p>Pogrzeb<\/p>\n","protected":false},"excerpt":{"rendered":"<p>Chrzest, Bierzmowanie, Eucharystia, Pokuta, Namaszczenie chorych, Ma\u0142\u017ce\u0144stwo, Kap\u0142a\u0144stwo Pogrzeb<\/p>\n","protected":false},"author":1,"featured_media":346,"parent":0,"menu_order":0,"comment_status":"closed","ping_status":"closed","template":"","meta":{"footnotes":""},"class_list":["post-336","page","type-page","status-publish","has-post-thumbnail","czr-hentry"],"jetpack_sharing_enabled":true,"_links":{"self":[{"href":"https:\/\/rzepedz.przemyska.pl\/index.php\/wp-json\/wp\/v2\/pages\/336","targetHints":{"allow":["GET"]}}],"collection":[{"href":"https:\/\/rzepedz.przemyska.pl\/index.php\/wp-json\/wp\/v2\/pages"}],"about":[{"href":"https:\/\/rzepedz.przemyska.pl\/index.php\/wp-json\/wp\/v2\/types\/page"}],"author":[{"embeddable":true,"href":"https:\/\/rzepedz.przemyska.pl\/index.php\/wp-json\/wp\/v2\/users\/1"}],"replies":[{"embeddable":true,"href":"https:\/\/rzepedz.przemyska.pl\/index.php\/wp-json\/wp\/v2\/comments?post=336"}],"version-history":[{"count":0,"href":"https:\/\/rzepedz.przemyska.pl\/index.php\/wp-json\/wp\/v2\/pages\/336\/revisions"}],"wp:featuredmedia":[{"embeddable":true,"href":"https:\/\/rzepedz.przemyska.pl\/index.php\/wp-json\/wp\/v2\/media\/346"}],"wp:attachment":[{"href":"https:\/\/rzepedz.przemyska.pl\/index.php\/wp-json\/wp\/v2\/media?parent=336"}],"curies":[{"name":"wp","href":"https:\/\/api.w.org\/{rel}","templated":true}]}}