{"id":348,"date":"2021-01-11T20:18:50","date_gmt":"2021-01-11T19:18:50","guid":{"rendered":"https:\/\/rzepedz.przemyska.pl\/?page_id=348"},"modified":"2021-01-12T10:10:01","modified_gmt":"2021-01-12T09:10:01","slug":"bierzmowanie","status":"publish","type":"page","link":"https:\/\/rzepedz.przemyska.pl\/index.php\/bierzmowanie\/","title":{"rendered":"Bierzmowanie"},"content":{"rendered":"<p style=\"text-align: justify;\"><strong><img loading=\"lazy\" decoding=\"async\" class=\"size-full wp-image-418 alignleft\" src=\"https:\/\/rzepedz.przemyska.pl\/wp-content\/uploads\/2021\/01\/bierzmowanie.gif\" alt=\"\" width=\"208\" height=\"274\" \/><\/strong><\/p>\n<p>&nbsp;<\/p>\n<p style=\"text-align: justify;\"><strong>Bierzmowanie<\/strong> okre\u015blane jest sakramentem dojrza\u0142o\u015bci chrze\u015bcija\u0144skiej. Od ludzi dojrza\u0142ych wymaga si\u0119 odpowiedzialno\u015bci, w tym przypadku \u2013 \u015bwiadomego i konsekwentnego praktykowania wiary. To nie mo\u017ce by\u0107 przymus (ze strony rodziny czy ksi\u0119dza), nie mo\u017ce to by\u0107 teatr czy pusta formalno\u015b\u0107. M\u0142ody cz\u0142owiek, kt\u00f3ry chce otrzyma\u0107 dary Ducha \u015awi\u0119tego, pog\u0142\u0119biaj\u0105ce wi\u0119\u017a z Bogiem i pomagaj\u0105ce aktywniej \u017cy\u0107 we wsp\u00f3lnocie Ko\u015bcio\u0142a, musi przekona\u0107 innych, \u017ce jest osob\u0105 modl\u0105c\u0105 si\u0119, formuj\u0105c\u0105 sumienie i prowadz\u0105c\u0105 szczere \u017cycie sakramentalne (zw\u0142aszcza poprzez regularn\u0105 spowied\u017a i pe\u0142ne uczestnictwo w Eucharystii).<\/p>\n<h3><\/h3>\n<h3 style=\"text-align: justify;\">Czego wymaga si\u0119 od kandydata do bierzmowania?<\/h3>\n<ol style=\"text-align: justify;\">\n<li>Udzia\u0142 w katechezie szkolnej, kt\u00f3ra pozwoli pog\u0142\u0119bia\u0107 wiedz\u0119 religijn\u0105.<\/li>\n<li>Udzia\u0142 w rekolekcjach zamkni\u0119tych przed bierzmowaniem.<\/li>\n<li>Prowadzenie Indeksu Formacji Katolickiej.<\/li>\n<li>Udzia\u0142 w trzyletniej parafialnej katechezie dla kandydat\u00f3w do bierzmowania (klasa 6, 7, i 8 SP), zwie\u0144czeniem kt\u00f3rej jest egzamin z wiedzy religijnej oraz rozmowa z ksi\u0119dzem odpowiedzialnym za przygotowanie do bierzmowania.<\/li>\n<li>Udzia\u0142 w \u017cyciu religijnym parafii, tj. uczestnictwo: w nabo\u017ce\u0144stwach pa\u017adziernikowych i\u00a0majowych, Drodze Krzy\u017cowej i Gorzkich \u017balach, rekolekcjach parafialnych.<\/li>\n<li>Przedstawienie uzupe\u0142nionego Indeksu \u2013 wiedza i praktyki religijne np. comiesi\u0119czna spowied\u017a.<\/li>\n<li>Wybranie i dostarczenie metryki chrztu, je\u015bli ten sakrament przyj\u0119ty by\u0142 w innej parafii ni\u017c aktualne zamieszkanie i przygotowanie do bierzmowania.<\/li>\n<li>Udzia\u0142 w przygotowaniu liturgii sakramentu bierzmowania.<\/li>\n<li>Udzia\u0142 w nabo\u017ce\u0144stwie, podczas kt\u00f3rego udzielany jest ten sakrament i przyj\u0119cie Dar\u00f3w Ducha \u015awi\u0119tego.<\/li>\n<\/ol>\n<p style=\"text-align: justify;\"><strong>Istnieje mo\u017cliwo\u015b\u0107 przyj\u0119cia sakramentu bierzmowania przez osoby doros\u0142e.<\/strong> W tym przypadku nale\u017cy skontaktowa\u0107 si\u0119 z Ksi\u0119dzem Proboszczem i ustali\u0107 spos\u00f3b przygotowania do przyj\u0119cia tego sakramentu.<\/p>\n<h3 style=\"text-align: justify;\">Nauczanie Ko\u015bcio\u0142a Katolickiego na temat bierzmowania: <a href=\"http:\/\/www.katechizm.opoka.org.pl\/rkkkII-2-1.htm\" target=\"_blank\" rel=\"noopener\">Katechizm Ko\u015bcio\u0142a Katolickiego pkt. 1285-1321.<\/a><\/h3>\n<h3 style=\"text-align: justify;\">Obowi\u0105zuj\u0105ce normy prawne wg <a href=\"https:\/\/www.katolicki.net\/index.php\/z-zycia-kosciola\/z-zycia-kosciola-kodeks-prawa-kanonicznego.html\" target=\"_blank\" rel=\"noopener\">Kodeksu Prawa Kanonicznego: Ksi\u0119ga IV \u201eU\u015bwi\u0119caj\u0105ce zadania Ko\u015bcio\u0142a, Cz\u0119\u015b\u0107 I \u201eBierzmowanie\u201d, kan. 879-896.<\/a><\/h3>\n","protected":false},"excerpt":{"rendered":"<p>&nbsp; Bierzmowanie okre\u015blane jest sakramentem dojrza\u0142o\u015bci chrze\u015bcija\u0144skiej. Od ludzi dojrza\u0142ych wymaga si\u0119 odpowiedzialno\u015bci, w tym przypadku \u2013 \u015bwiadomego i konsekwentnego praktykowania wiary. To nie mo\u017ce by\u0107 przymus (ze strony rodziny czy ksi\u0119dza), nie mo\u017ce to by\u0107 teatr czy pusta formalno\u015b\u0107. M\u0142ody cz\u0142owiek, kt\u00f3ry chce otrzyma\u0107 dary Ducha \u015awi\u0119tego, pog\u0142\u0119biaj\u0105ce wi\u0119\u017a z Bogiem i pomagaj\u0105ce aktywniej [&hellip;]<\/p>\n","protected":false},"author":1,"featured_media":0,"parent":0,"menu_order":0,"comment_status":"closed","ping_status":"closed","template":"","meta":{"footnotes":""},"class_list":["post-348","page","type-page","status-publish","czr-hentry"],"jetpack_sharing_enabled":true,"_links":{"self":[{"href":"https:\/\/rzepedz.przemyska.pl\/index.php\/wp-json\/wp\/v2\/pages\/348","targetHints":{"allow":["GET"]}}],"collection":[{"href":"https:\/\/rzepedz.przemyska.pl\/index.php\/wp-json\/wp\/v2\/pages"}],"about":[{"href":"https:\/\/rzepedz.przemyska.pl\/index.php\/wp-json\/wp\/v2\/types\/page"}],"author":[{"embeddable":true,"href":"https:\/\/rzepedz.przemyska.pl\/index.php\/wp-json\/wp\/v2\/users\/1"}],"replies":[{"embeddable":true,"href":"https:\/\/rzepedz.przemyska.pl\/index.php\/wp-json\/wp\/v2\/comments?post=348"}],"version-history":[{"count":0,"href":"https:\/\/rzepedz.przemyska.pl\/index.php\/wp-json\/wp\/v2\/pages\/348\/revisions"}],"wp:attachment":[{"href":"https:\/\/rzepedz.przemyska.pl\/index.php\/wp-json\/wp\/v2\/media?parent=348"}],"curies":[{"name":"wp","href":"https:\/\/api.w.org\/{rel}","templated":true}]}}