{"id":352,"date":"2021-01-11T20:25:44","date_gmt":"2021-01-11T19:25:44","guid":{"rendered":"https:\/\/rzepedz.przemyska.pl\/?page_id=352"},"modified":"2021-01-12T10:12:39","modified_gmt":"2021-01-12T09:12:39","slug":"eucharystia","status":"publish","type":"page","link":"https:\/\/rzepedz.przemyska.pl\/index.php\/eucharystia\/","title":{"rendered":"Eucharystia"},"content":{"rendered":"<p style=\"text-align: justify;\"><em><img loading=\"lazy\" decoding=\"async\" class=\"size-full wp-image-424 alignleft\" src=\"https:\/\/rzepedz.przemyska.pl\/wp-content\/uploads\/2021\/01\/euch.jpg\" alt=\"\" width=\"213\" height=\"236\" \/>Eucharystia jest \u201e\u017ar\u00f3d\u0142em i zarazem szczytem ca\u0142ego \u017cycia chrze\u015bcija\u0144skiego\u201d. Inne za\u015b sakramenty, tak\u00a0jak wszystkie ko\u015bcielne pos\u0142ugi i dzie\u0142a apostolstwa, wi\u0105\u017c\u0105 si\u0119 ze \u015bwi\u0119t\u0105 Eucharysti\u0105 i do niej zmierzaj\u0105. (por. KKK 1324)<\/em><\/p>\n<p style=\"text-align: justify;\">Msza \u015bwi\u0119ta ma nieocenion\u0105 warto\u015b\u0107 przed Bogiem, gdy\u017c jest najskuteczniejsz\u0105 modlitw\u0105 i najdoskonalsz\u0105 Ofiar\u0105 sk\u0142adan\u0105 Ojcu przez Chrystusa w Duchu \u015awi\u0119tym. St\u0105d te\u017c, jako ludzie wierz\u0105cy chcemy ka\u017cd\u0105 Eucharysti\u0119 prze\u017cywa\u0107 jak najpobo\u017cniej i owocnie. Ko\u015bci\u00f3\u0142 w trosce o duchowe dobro i rozw\u00f3j pobo\u017cno\u015bci swoich wiernych wypracowa\u0142 warunki dobrego uczestnictwa we Mszy \u015bw. (Sob\u00f3r Watyka\u0144ski II, Konstytucja o Liturgii). Oto one:<\/p>\n<ol style=\"text-align: justify;\">\n<li>\u00a0Kszta\u0142towanie przez S\u0142owo Bo\u017ce,<\/li>\n<li>\u00a0Posilanie si\u0119 przy stole Cia\u0142a Pa\u0144skiego,<\/li>\n<li>\u00a0Sk\u0142adanie Bogu dzi\u0119kczynienia,<\/li>\n<li>\u00a0Ofiarowanie Niepokalanej Hostii,<\/li>\n<li>\u00a0Uczenie si\u0119 sk\u0142adania w ofierze samego siebie.<\/li>\n<\/ol>\n<p style=\"text-align: justify;\">Msza \u015bw. mo\u017ce by\u0107 sprawowana w r\u00f3\u017cnych intencjach, np.:<\/p>\n<ul style=\"text-align: justify;\">\n<li>za zmar\u0142ych<\/li>\n<li>za dusze w czy\u015b\u0107cu cierpi\u0105ce<\/li>\n<li>dzi\u0119kczynne za otrzymane \u0142aski<\/li>\n<li>pro\u015bba o zdrowie<\/li>\n<li>jubileuszowe<\/li>\n<li>w rocznic\u0119 urodzin<\/li>\n<li>imieninowe<\/li>\n<li>itp.<\/li>\n<\/ul>\n<p style=\"text-align: justify;\">Ostateczny charakter i brzmienie intencji zawsze nale\u017cy uzgodni\u0107 z kap\u0142anem. Intencje mszalne mo\u017cna zam\u00f3wi\u0107 w zakrystii lub w kancelarii.<\/p>\n<p style=\"text-align: justify;\">Rady praktyczne dotycz\u0105ce prze\u017cywania sakramentu Eucharystii:<\/p>\n<ul style=\"text-align: justify;\">\n<li>W\u00a0przygotowaniu do owocnego udzia\u0142u we Mszy \u015bw. najwa\u017cniejsza jest troska o stan duchowy, czyli stan \u0142aski u\u015bwi\u0119caj\u0105cej. Kiedy jeste\u015bmy w stanie grzechu ci\u0119\u017ckiego, powinni\u015bmy jak najszybciej skorzysta\u0107 z sakramentu pokuty i pojednania, by podczas Mszy \u015bw.\u00a0przyj\u0105\u0107 Komuni\u0119 \u015bw.<\/li>\n<li>Warto pami\u0119ta\u0107 o \u201eosobistych warunkach\u201d, kt\u00f3rych spe\u0142nienie sprzyja czynnemu i owocnemu uczestnictwu we Mszy \u015bw. Papie\u017c Benedykt XVI w <em>\u201eSacramentum caritatis\u201d <\/em>zach\u0119ca do m.in. skupienia i ciszy przynajmniej przez kilka chwil przed rozpocz\u0119ciem liturgii. Pomaga to\u00a0odci\u0105\u0107 si\u0119 od spraw doczesnych i codziennego zabiegania. Zgie\u0142k \u015bwiata, pozostawiamy poza murami \u015bwi\u0105tyni, aby w pe\u0142nym skupieniu, bez rozprosze\u0144 niepotrzebnymi my\u015blami uczestniczy\u0107 we Mszy \u015bw.<\/li>\n<li>Bardzo pomocne jest przeczytanie czyta\u0144 mszalnych z danego dnia zanim udamy si\u0119 do\u00a0ko\u015bcio\u0142a. Warto to zrobi\u0107 nawet dzie\u0144 wcze\u015bniej.<\/li>\n<li>Warto wzbudzi\u0107 sobie w\u0142asne intencje, z kt\u00f3rymi udamy si\u0119 na Msz\u0119 \u015bw., gdy\u017c to mobilizuje do\u00a0pobo\u017cniejszej modlitwy.<\/li>\n<li>Przed Msz\u0105 \u015bw. obowi\u0105zuje <strong>post eucharystyczny. <\/strong>Polega on na powstrzymaniu si\u0119 przez godzin\u0119 przed Komuni\u0105 \u015bw. od jakiegokolwiek pokarmu i napoju, z wyj\u0105tkiem wody i\u00a0lekarstwa. Kongregacja ds. Kultu Bo\u017cego i Dyscypliny Sakrament\u00f3w skr\u00f3ci\u0142a czas postu eucharystycznego do ok. 15 minut dla os\u00f3b w podesz\u0142ym wieku, chorych oraz tych, kt\u00f3rzy si\u0119 nimi opiekuj\u0105.<\/li>\n<li>Nie jest r\u00f3wnie\u017c oboj\u0119tn\u0105 kwestia stroju, w kt\u00f3rym udajemy si\u0119 do ko\u015bcio\u0142a. M\u00f3wi\u0105c najog\u00f3lniej, powinien by\u0107 stosowny, schludny i od\u015bwi\u0119tny. Ubi\u00f3r dobry na spotkanie towarzyskie nie zawsze b\u0119dzie ubiorem w\u0142a\u015bciwym na spotkanie z Bogiem.<\/li>\n<\/ul>\n<p style=\"text-align: justify;\">Nauczanie Ko\u015bcio\u0142a Katolickiego na temat Eucharystii: <a href=\"http:\/\/www.katechizm.opoka.org.pl\/rkkkII-2-1.htm\" target=\"_blank\" rel=\"noopener\"><strong>Katechizm Ko\u015bcio\u0142a Katolickiego pkt. 1322-1419.<\/strong><\/a><\/p>\n<p style=\"text-align: justify;\">Obowi\u0105zuj\u0105ce normy prawne: <a href=\"https:\/\/www.katolicki.net\/ftp\/kodeks_prawa_kanonicznego.pdf\" target=\"_blank\" rel=\"noopener\"><strong>Kodeks Prawa Kanonicznego kan. 897-958.<\/strong><\/a><\/p>\n<p style=\"text-align: justify;\">\n","protected":false},"excerpt":{"rendered":"<p>Eucharystia jest \u201e\u017ar\u00f3d\u0142em i zarazem szczytem ca\u0142ego \u017cycia chrze\u015bcija\u0144skiego\u201d. Inne za\u015b sakramenty, tak\u00a0jak wszystkie ko\u015bcielne pos\u0142ugi i dzie\u0142a apostolstwa, wi\u0105\u017c\u0105 si\u0119 ze \u015bwi\u0119t\u0105 Eucharysti\u0105 i do niej zmierzaj\u0105. (por. KKK 1324) Msza \u015bwi\u0119ta ma nieocenion\u0105 warto\u015b\u0107 przed Bogiem, gdy\u017c jest najskuteczniejsz\u0105 modlitw\u0105 i najdoskonalsz\u0105 Ofiar\u0105 sk\u0142adan\u0105 Ojcu przez Chrystusa w Duchu \u015awi\u0119tym. St\u0105d te\u017c, jako [&hellip;]<\/p>\n","protected":false},"author":1,"featured_media":0,"parent":0,"menu_order":0,"comment_status":"closed","ping_status":"closed","template":"","meta":{"footnotes":""},"class_list":["post-352","page","type-page","status-publish","czr-hentry"],"jetpack_sharing_enabled":true,"_links":{"self":[{"href":"https:\/\/rzepedz.przemyska.pl\/index.php\/wp-json\/wp\/v2\/pages\/352","targetHints":{"allow":["GET"]}}],"collection":[{"href":"https:\/\/rzepedz.przemyska.pl\/index.php\/wp-json\/wp\/v2\/pages"}],"about":[{"href":"https:\/\/rzepedz.przemyska.pl\/index.php\/wp-json\/wp\/v2\/types\/page"}],"author":[{"embeddable":true,"href":"https:\/\/rzepedz.przemyska.pl\/index.php\/wp-json\/wp\/v2\/users\/1"}],"replies":[{"embeddable":true,"href":"https:\/\/rzepedz.przemyska.pl\/index.php\/wp-json\/wp\/v2\/comments?post=352"}],"version-history":[{"count":0,"href":"https:\/\/rzepedz.przemyska.pl\/index.php\/wp-json\/wp\/v2\/pages\/352\/revisions"}],"wp:attachment":[{"href":"https:\/\/rzepedz.przemyska.pl\/index.php\/wp-json\/wp\/v2\/media?parent=352"}],"curies":[{"name":"wp","href":"https:\/\/api.w.org\/{rel}","templated":true}]}}