{"id":364,"date":"2021-01-11T20:39:05","date_gmt":"2021-01-11T19:39:05","guid":{"rendered":"https:\/\/rzepedz.przemyska.pl\/?page_id=364"},"modified":"2021-01-12T10:18:11","modified_gmt":"2021-01-12T09:18:11","slug":"malzenstwo","status":"publish","type":"page","link":"https:\/\/rzepedz.przemyska.pl\/index.php\/malzenstwo\/","title":{"rendered":"Ma\u0142\u017ce\u0144stwo"},"content":{"rendered":"<p style=\"text-align: justify;\"><img loading=\"lazy\" decoding=\"async\" class=\"size-full wp-image-428 alignleft\" src=\"https:\/\/rzepedz.przemyska.pl\/wp-content\/uploads\/2021\/01\/malzenstwo.gif\" alt=\"\" width=\"233\" height=\"190\" \/>Narzeczeni maj\u0105 obowi\u0105zek zg\u0142osi\u0107 si\u0119 do kancelarii parafialnej trzy miesi\u0105ce przed planowan\u0105 dat\u0105 \u015blubu. \u015alub wa\u017cnie mo\u017cna zawiera\u0107 tylko na terenie w\u0142asnej parafii narzeczonego lub narzeczonej. Do\u00a0\u015blubu w innych ko\u015bcio\u0142ach parafialnych wymagana jest specjalna zgoda w\u0142asnego proboszcza narzeczonego lub narzeczonej (tzw. \u201eLICENCJA\u201d), kt\u00f3r\u0105 mo\u017cna otrzyma\u0107 dopiero po zako\u0144czeniu formalnego przygotowania do sakramentu ma\u0142\u017ce\u0144stwa.<\/p>\n<p style=\"text-align: justify;\"><strong>Zg\u0142aszaj\u0105c si\u0119 po raz pierwszy do kancelarii narzeczeni przynosz\u0105 ze sob\u0105 nast\u0119puj\u0105ce dokumenty:<\/strong><\/p>\n<ul style=\"text-align: justify;\">\n<li>dow\u00f3d osobisty,<\/li>\n<li>za\u015bwiadczenie z USC (w 3 egz., nie starsze ni\u017c 6 miesi\u0119cy) uprawniaj\u0105ce do tzw. \u015blubu konkordatowego lub odpis aktu wcze\u015bniej zawartego \u015blubu cywilnego,<\/li>\n<li>aktualne \u015bwiadectwo chrztu (tzw. \u015bwie\u017cej daty nie starsze ni\u017c 6 miesi\u0119cy),<\/li>\n<li>\u015bwiadectwo bierzmowania (je\u017celi ten sakrament nie jest odnotowany na \u015bwiadectwie chrztu),<\/li>\n<li>w przypadku wdowc\u00f3w akt zgonu ma\u0142\u017conka,<\/li>\n<li><strong>\u015bwiadectwo religii z ostatnich klas uko\u0144czenia szk\u00f3\u0142.<\/strong><\/li>\n<\/ul>\n<p style=\"text-align: justify;\"><strong>Przygotowanie duchowe i poprawne do ma\u0142\u017ce\u0144stwa obejmuje:<\/strong><\/p>\n<ul style=\"text-align: justify;\">\n<li>dwukrotn\u0105 spowied\u017a \u2013 po zg\u0142oszeniu na zapowiedzi oraz w ostatnim tygodniu przed \u015blubem,<\/li>\n<li>uko\u0144czenia katechez przygotowuj\u0105cych do sakramentu ma\u0142\u017ce\u0144stwa,<\/li>\n<li>trzy indywidualne spotkania w Poradni Rodzinnej.<\/li>\n<\/ul>\n<p style=\"text-align: justify;\"><strong>Filmowanie i robienie zdj\u0119\u0107 podczas uroczysto\u015bci \u015blubnej podlega przepisom liturgicznym i musi by\u0107 wcze\u015bniej uzgodnione z duszpasterzem.<\/strong><\/p>\n<p style=\"text-align: justify;\">Nauczanie Ko\u015bcio\u0142a Katolickiego na temat Ma\u0142\u017ce\u0144stwa: <a href=\"http:\/\/www.katechizm.opoka.org.pl\/rkkkII-2-3.htm\" target=\"_blank\" rel=\"noopener\"><strong>Katechizm Ko\u015bcio\u0142a Katolickiego pkt.\u00a01601-1666.<\/strong><\/a><\/p>\n<p style=\"text-align: justify;\">Obowi\u0105zuj\u0105ce normy prawne: <a href=\"https:\/\/www.katolicki.net\/ftp\/kodeks_prawa_kanonicznego.pdf\" target=\"_blank\" rel=\"noopener\"><strong>Kodeks Prawa Kanonicznego kan. 1055-1165.<\/strong><\/a><\/p>\n","protected":false},"excerpt":{"rendered":"<p>Narzeczeni maj\u0105 obowi\u0105zek zg\u0142osi\u0107 si\u0119 do kancelarii parafialnej trzy miesi\u0105ce przed planowan\u0105 dat\u0105 \u015blubu. \u015alub wa\u017cnie mo\u017cna zawiera\u0107 tylko na terenie w\u0142asnej parafii narzeczonego lub narzeczonej. Do\u00a0\u015blubu w innych ko\u015bcio\u0142ach parafialnych wymagana jest specjalna zgoda w\u0142asnego proboszcza narzeczonego lub narzeczonej (tzw. \u201eLICENCJA\u201d), kt\u00f3r\u0105 mo\u017cna otrzyma\u0107 dopiero po zako\u0144czeniu formalnego przygotowania do sakramentu ma\u0142\u017ce\u0144stwa. Zg\u0142aszaj\u0105c si\u0119 [&hellip;]<\/p>\n","protected":false},"author":1,"featured_media":0,"parent":0,"menu_order":0,"comment_status":"closed","ping_status":"closed","template":"","meta":{"footnotes":""},"class_list":["post-364","page","type-page","status-publish","czr-hentry"],"jetpack_sharing_enabled":true,"_links":{"self":[{"href":"https:\/\/rzepedz.przemyska.pl\/index.php\/wp-json\/wp\/v2\/pages\/364","targetHints":{"allow":["GET"]}}],"collection":[{"href":"https:\/\/rzepedz.przemyska.pl\/index.php\/wp-json\/wp\/v2\/pages"}],"about":[{"href":"https:\/\/rzepedz.przemyska.pl\/index.php\/wp-json\/wp\/v2\/types\/page"}],"author":[{"embeddable":true,"href":"https:\/\/rzepedz.przemyska.pl\/index.php\/wp-json\/wp\/v2\/users\/1"}],"replies":[{"embeddable":true,"href":"https:\/\/rzepedz.przemyska.pl\/index.php\/wp-json\/wp\/v2\/comments?post=364"}],"version-history":[{"count":0,"href":"https:\/\/rzepedz.przemyska.pl\/index.php\/wp-json\/wp\/v2\/pages\/364\/revisions"}],"wp:attachment":[{"href":"https:\/\/rzepedz.przemyska.pl\/index.php\/wp-json\/wp\/v2\/media?parent=364"}],"curies":[{"name":"wp","href":"https:\/\/api.w.org\/{rel}","templated":true}]}}