{"id":370,"date":"2021-01-11T20:42:44","date_gmt":"2021-01-11T19:42:44","guid":{"rendered":"https:\/\/rzepedz.przemyska.pl\/?page_id=370"},"modified":"2021-01-12T10:15:29","modified_gmt":"2021-01-12T09:15:29","slug":"pokuta","status":"publish","type":"page","link":"https:\/\/rzepedz.przemyska.pl\/index.php\/pokuta\/","title":{"rendered":"Pokuta"},"content":{"rendered":"<p style=\"text-align: justify;\"><img loading=\"lazy\" decoding=\"async\" class=\"size-full wp-image-434 alignleft\" src=\"https:\/\/rzepedz.przemyska.pl\/wp-content\/uploads\/2021\/01\/pokuta.jpg\" alt=\"\" width=\"229\" height=\"220\" \/>Mo\u017cliwo\u015b\u0107 skorzystania z sakramentu pokuty istnieje codziennie. W dni powszednie i w niedziel\u0119 spowied\u017a odbywa si\u0119 p\u00f3\u0142 godziny przed Msz\u0105 \u015bw. Spowied\u017a jest mo\u017cliwa tak\u017ce w ka\u017cdy pierwszy pi\u0105tek miesi\u0105ca.<\/p>\n<p style=\"text-align: justify;\">Dwa razy w roku, w okresie Adwentu i Wielkiego Postu, organizowana jest spowied\u017a dla ca\u0142ej wsp\u00f3lnoty parafialnej. W tych przypadkach odbywa si\u0119 ona zgodnie z og\u0142oszeniem.<\/p>\n<p style=\"text-align: justify;\">Dobre prze\u017cycie sakramentu pokuty zale\u017cy od duchowego przygotowania i spe\u0142nienia 5 warunk\u00f3w dobrej spowiedzi:<\/p>\n<ul style=\"text-align: justify;\">\n<li>Rachunek sumienia<\/li>\n<li>\u017bal za grzechy<\/li>\n<li>Mocne postanowienie poprawy<\/li>\n<li>Szczera spowied\u017a<\/li>\n<li>Zado\u015b\u0107uczynienie Panu Bogu i bli\u017aniemu<\/li>\n<\/ul>\n<p style=\"text-align: justify;\">Warto o tych warunkach pami\u0119ta\u0107, gdy\u017c penitenci nie zawsze w\u0142a\u015bciwie je rozumiej\u0105 oraz cz\u0119sto pomijaj\u0105 w przygotowaniu i prze\u017cywaniu sakramentu pokuty i pojednania.<\/p>\n<p style=\"text-align: justify;\">Nauczanie Ko\u015bcio\u0142a Katolickiego na temat sakramentu pokuty: <a href=\"http:\/\/www.katechizm.opoka.org.pl\/rkkkII-2-2.htm\" target=\"_blank\" rel=\"noopener\"><strong>Katechizm Ko\u015bcio\u0142a Katolickiego pkt. 1420-1498.<\/strong><\/a><\/p>\n<p style=\"text-align: justify;\">Obowi\u0105zuj\u0105ce normy prawne: <a href=\"https:\/\/www.katolicki.net\/ftp\/kodeks_prawa_kanonicznego.pdf\" target=\"_blank\" rel=\"noopener\"><strong>Kodeks Prawa Kanonicznego kan. 959-997<\/strong><\/a><\/p>\n","protected":false},"excerpt":{"rendered":"<p>Mo\u017cliwo\u015b\u0107 skorzystania z sakramentu pokuty istnieje codziennie. W dni powszednie i w niedziel\u0119 spowied\u017a odbywa si\u0119 p\u00f3\u0142 godziny przed Msz\u0105 \u015bw. Spowied\u017a jest mo\u017cliwa tak\u017ce w ka\u017cdy pierwszy pi\u0105tek miesi\u0105ca. Dwa razy w roku, w okresie Adwentu i Wielkiego Postu, organizowana jest spowied\u017a dla ca\u0142ej wsp\u00f3lnoty parafialnej. W tych przypadkach odbywa si\u0119 ona zgodnie z [&hellip;]<\/p>\n","protected":false},"author":1,"featured_media":0,"parent":0,"menu_order":0,"comment_status":"closed","ping_status":"closed","template":"","meta":{"footnotes":""},"class_list":["post-370","page","type-page","status-publish","czr-hentry"],"jetpack_sharing_enabled":true,"_links":{"self":[{"href":"https:\/\/rzepedz.przemyska.pl\/index.php\/wp-json\/wp\/v2\/pages\/370","targetHints":{"allow":["GET"]}}],"collection":[{"href":"https:\/\/rzepedz.przemyska.pl\/index.php\/wp-json\/wp\/v2\/pages"}],"about":[{"href":"https:\/\/rzepedz.przemyska.pl\/index.php\/wp-json\/wp\/v2\/types\/page"}],"author":[{"embeddable":true,"href":"https:\/\/rzepedz.przemyska.pl\/index.php\/wp-json\/wp\/v2\/users\/1"}],"replies":[{"embeddable":true,"href":"https:\/\/rzepedz.przemyska.pl\/index.php\/wp-json\/wp\/v2\/comments?post=370"}],"version-history":[{"count":0,"href":"https:\/\/rzepedz.przemyska.pl\/index.php\/wp-json\/wp\/v2\/pages\/370\/revisions"}],"wp:attachment":[{"href":"https:\/\/rzepedz.przemyska.pl\/index.php\/wp-json\/wp\/v2\/media?parent=370"}],"curies":[{"name":"wp","href":"https:\/\/api.w.org\/{rel}","templated":true}]}}