{"id":372,"date":"2021-01-11T20:43:47","date_gmt":"2021-01-11T19:43:47","guid":{"rendered":"https:\/\/rzepedz.przemyska.pl\/?page_id=372"},"modified":"2021-01-11T22:25:06","modified_gmt":"2021-01-11T21:25:06","slug":"pogrzeb","status":"publish","type":"page","link":"https:\/\/rzepedz.przemyska.pl\/index.php\/pogrzeb\/","title":{"rendered":"Pogrzeb"},"content":{"rendered":"<p style=\"text-align: justify;\"><img loading=\"lazy\" decoding=\"async\" class=\"size-medium wp-image-432 alignleft\" src=\"https:\/\/rzepedz.przemyska.pl\/wp-content\/uploads\/2021\/01\/pogrzeb-300x212.jpg\" alt=\"\" width=\"300\" height=\"212\" srcset=\"https:\/\/rzepedz.przemyska.pl\/wp-content\/uploads\/2021\/01\/pogrzeb-300x212.jpg 300w, https:\/\/rzepedz.przemyska.pl\/wp-content\/uploads\/2021\/01\/pogrzeb.jpg 354w\" sizes=\"auto, (max-width: 300px) 100vw, 300px\" \/>Pogrzeb jest czynno\u015bci\u0105 liturgiczn\u0105 nawi\u0105zuj\u0105c\u0105 do religijno\u015bci zmar\u0142ego i wyrazem wiary jego rodziny. Obrz\u0119dy pogrzebowe zatwierdzone przez Stolic\u0119 Apostolsk\u0105 przewiduj\u0105 kilka form liturgii np.: Msza \u015bw. lub bez niej (w zale\u017cno\u015bci od poziomu religijnego zmar\u0142ego i\u00a0okoliczno\u015bci jego \u015bmierci).<\/p>\n<p style=\"text-align: justify;\"><strong>Dat\u0119 i godzin\u0119 pogrzebu rodzina ustala w kancelarii parafialnej, przedstawiaj\u0105c nast\u0119puj\u0105ce dokumenty:<\/strong><\/p>\n<ul style=\"text-align: justify;\">\n<li>akt zgonu z USC,<\/li>\n<li>informacj\u0119 o przyj\u0119ciu sakrament\u00f3w \u015bw. (dokument od kapelana szpitalnego lub od\u00a0duszpasterza z parafii o zaopatrzeniu zmar\u0142ego sakramentami w domu rodzinnym),<\/li>\n<li>pisemn\u0105 zgod\u0119 na poch\u00f3wek zmar\u0142ego wystawion\u0105 przez w\u0142a\u015bciwego ks. proboszcza (je\u017celi zmar\u0142y zamieszkiwa\u0142 poza terenem naszej parafii).<\/li>\n<\/ul>\n<p style=\"text-align: justify;\">Modlitwa, a zw\u0142aszcza pe\u0142ne uczestnictwo we Mszy \u015bw. pogrzebowej (przyj\u0119cie Komunii \u015bw.) jest najcenniejszym darem dla zmar\u0142ego. Tak\u017ce po pogrzebie nale\u017cy zmar\u0142ym zapewni\u0107 sta\u0142\u0105 pomoc modlitewn\u0105 polecaj\u0105c ich Mi\u0142osierdziu Bo\u017cemu:<\/p>\n<p style=\"text-align: justify;\"><strong>Pogrzeb katolicki nie przys\u0142uguje tym, kt\u00f3rzy \u015bwiadomie i dobrowolnie zerwali \u0142\u0105czno\u015b\u0107 z\u00a0Ko\u015bcio\u0142em lub zmarli bez pokuty w gorsz\u0105cych okoliczno\u015bciach albo z pogard\u0105 dla religii Ko\u015bcio\u0142a, uparcie odmawiaj\u0105c przyj\u0119cia sakrament\u00f3w<\/strong>.<\/p>\n","protected":false},"excerpt":{"rendered":"<p>Pogrzeb jest czynno\u015bci\u0105 liturgiczn\u0105 nawi\u0105zuj\u0105c\u0105 do religijno\u015bci zmar\u0142ego i wyrazem wiary jego rodziny. Obrz\u0119dy pogrzebowe zatwierdzone przez Stolic\u0119 Apostolsk\u0105 przewiduj\u0105 kilka form liturgii np.: Msza \u015bw. lub bez niej (w zale\u017cno\u015bci od poziomu religijnego zmar\u0142ego i\u00a0okoliczno\u015bci jego \u015bmierci). Dat\u0119 i godzin\u0119 pogrzebu rodzina ustala w kancelarii parafialnej, przedstawiaj\u0105c nast\u0119puj\u0105ce dokumenty: akt zgonu z USC, informacj\u0119 [&hellip;]<\/p>\n","protected":false},"author":1,"featured_media":0,"parent":0,"menu_order":0,"comment_status":"closed","ping_status":"closed","template":"","meta":{"footnotes":""},"class_list":["post-372","page","type-page","status-publish","czr-hentry"],"jetpack_sharing_enabled":true,"_links":{"self":[{"href":"https:\/\/rzepedz.przemyska.pl\/index.php\/wp-json\/wp\/v2\/pages\/372","targetHints":{"allow":["GET"]}}],"collection":[{"href":"https:\/\/rzepedz.przemyska.pl\/index.php\/wp-json\/wp\/v2\/pages"}],"about":[{"href":"https:\/\/rzepedz.przemyska.pl\/index.php\/wp-json\/wp\/v2\/types\/page"}],"author":[{"embeddable":true,"href":"https:\/\/rzepedz.przemyska.pl\/index.php\/wp-json\/wp\/v2\/users\/1"}],"replies":[{"embeddable":true,"href":"https:\/\/rzepedz.przemyska.pl\/index.php\/wp-json\/wp\/v2\/comments?post=372"}],"version-history":[{"count":0,"href":"https:\/\/rzepedz.przemyska.pl\/index.php\/wp-json\/wp\/v2\/pages\/372\/revisions"}],"wp:attachment":[{"href":"https:\/\/rzepedz.przemyska.pl\/index.php\/wp-json\/wp\/v2\/media?parent=372"}],"curies":[{"name":"wp","href":"https:\/\/api.w.org\/{rel}","templated":true}]}}