{"id":48,"date":"2020-05-03T18:26:26","date_gmt":"2020-05-03T16:26:26","guid":{"rendered":"https:\/\/rzepedz.przemyska.pl\/?page_id=48"},"modified":"2021-01-12T11:11:50","modified_gmt":"2021-01-12T10:11:50","slug":"kulaszne-kosciol-filialny","status":"publish","type":"page","link":"https:\/\/rzepedz.przemyska.pl\/index.php\/kulaszne-kosciol-filialny\/","title":{"rendered":"Kulaszne &#8211; ko\u015bci\u00f3\u0142 filialny"},"content":{"rendered":"<p>Ko\u015bci\u00f3\u0142 filialny pw. Matki Bo\u017cej Nieustaj\u0105cej Pomocy<\/p>\n<p><a href=\"https:\/\/rzepedz.przemyska.pl\/wp-content\/uploads\/2020\/06\/DSC_5279.jpg\"><img loading=\"lazy\" decoding=\"async\" class=\"alignnone wp-image-187 size-medium\" src=\"https:\/\/rzepedz.przemyska.pl\/wp-content\/uploads\/2020\/06\/DSC_5279-300x169.jpg\" alt=\"\" width=\"300\" height=\"169\" srcset=\"https:\/\/rzepedz.przemyska.pl\/wp-content\/uploads\/2020\/06\/DSC_5279-300x169.jpg 300w, https:\/\/rzepedz.przemyska.pl\/wp-content\/uploads\/2020\/06\/DSC_5279-1024x576.jpg 1024w, https:\/\/rzepedz.przemyska.pl\/wp-content\/uploads\/2020\/06\/DSC_5279-768x432.jpg 768w, https:\/\/rzepedz.przemyska.pl\/wp-content\/uploads\/2020\/06\/DSC_5279-1536x864.jpg 1536w, https:\/\/rzepedz.przemyska.pl\/wp-content\/uploads\/2020\/06\/DSC_5279-1110x624.jpg 1110w, https:\/\/rzepedz.przemyska.pl\/wp-content\/uploads\/2020\/06\/DSC_5279-528x297.jpg 528w, https:\/\/rzepedz.przemyska.pl\/wp-content\/uploads\/2020\/06\/DSC_5279.jpg 1920w\" sizes=\"auto, (max-width: 300px) 100vw, 300px\" \/><\/a> <a href=\"https:\/\/rzepedz.przemyska.pl\/wp-content\/uploads\/2020\/06\/DSC_5281.jpg\"><img loading=\"lazy\" decoding=\"async\" class=\"alignnone wp-image-188 size-medium\" src=\"https:\/\/rzepedz.przemyska.pl\/wp-content\/uploads\/2020\/06\/DSC_5281-300x169.jpg\" alt=\"\" width=\"300\" height=\"169\" srcset=\"https:\/\/rzepedz.przemyska.pl\/wp-content\/uploads\/2020\/06\/DSC_5281-300x169.jpg 300w, https:\/\/rzepedz.przemyska.pl\/wp-content\/uploads\/2020\/06\/DSC_5281-1024x576.jpg 1024w, https:\/\/rzepedz.przemyska.pl\/wp-content\/uploads\/2020\/06\/DSC_5281-768x432.jpg 768w, https:\/\/rzepedz.przemyska.pl\/wp-content\/uploads\/2020\/06\/DSC_5281-1536x864.jpg 1536w, https:\/\/rzepedz.przemyska.pl\/wp-content\/uploads\/2020\/06\/DSC_5281-1110x624.jpg 1110w, https:\/\/rzepedz.przemyska.pl\/wp-content\/uploads\/2020\/06\/DSC_5281-528x297.jpg 528w, https:\/\/rzepedz.przemyska.pl\/wp-content\/uploads\/2020\/06\/DSC_5281.jpg 1920w\" sizes=\"auto, (max-width: 300px) 100vw, 300px\" \/> <\/a><a href=\"https:\/\/rzepedz.przemyska.pl\/wp-content\/uploads\/2020\/06\/DSC_5283.jpg\"><img loading=\"lazy\" decoding=\"async\" class=\"alignnone wp-image-189 size-medium\" src=\"https:\/\/rzepedz.przemyska.pl\/wp-content\/uploads\/2020\/06\/DSC_5283-300x169.jpg\" alt=\"\" width=\"300\" height=\"169\" srcset=\"https:\/\/rzepedz.przemyska.pl\/wp-content\/uploads\/2020\/06\/DSC_5283-300x169.jpg 300w, https:\/\/rzepedz.przemyska.pl\/wp-content\/uploads\/2020\/06\/DSC_5283-1024x576.jpg 1024w, https:\/\/rzepedz.przemyska.pl\/wp-content\/uploads\/2020\/06\/DSC_5283-768x432.jpg 768w, https:\/\/rzepedz.przemyska.pl\/wp-content\/uploads\/2020\/06\/DSC_5283-1536x864.jpg 1536w, https:\/\/rzepedz.przemyska.pl\/wp-content\/uploads\/2020\/06\/DSC_5283-1110x624.jpg 1110w, https:\/\/rzepedz.przemyska.pl\/wp-content\/uploads\/2020\/06\/DSC_5283-528x297.jpg 528w, https:\/\/rzepedz.przemyska.pl\/wp-content\/uploads\/2020\/06\/DSC_5283.jpg 1920w\" sizes=\"auto, (max-width: 300px) 100vw, 300px\" \/><\/a><\/p>\n<p><a href=\"https:\/\/rzepedz.przemyska.pl\/wp-content\/uploads\/2020\/06\/DSC_5279.jpg\"><figure class=\"wp-block-embed wp-block-embed-youtube is-type-video is-provider-youtube epyt-figure\"><div class=\"wp-block-embed__wrapper\"><div class=\"epyt-video-wrapper\"><iframe loading=\"lazy\"  style=\"display: block; margin: 0px auto;\"  id=\"_ytid_65106\"  width=\"1140\" height=\"641\"  data-origwidth=\"1140\" data-origheight=\"641\" src=\"https:\/\/www.youtube.com\/embed\/QEJbDGeeYBg?enablejsapi=1&autoplay=0&cc_load_policy=0&cc_lang_pref=&iv_load_policy=1&loop=0&rel=0&fs=1&playsinline=0&autohide=2&theme=dark&color=red&controls=1&disablekb=0&\" class=\"__youtube_prefs__  no-lazyload\" title=\"YouTube player\"  allow=\"fullscreen; accelerometer; autoplay; clipboard-write; encrypted-media; gyroscope; picture-in-picture; web-share\" referrerpolicy=\"strict-origin-when-cross-origin\" allowfullscreen data-no-lazy=\"1\" data-skipgform_ajax_framebjll=\"\"><\/iframe><\/div><\/div><\/figure><\/a><\/p>\n","protected":false},"excerpt":{"rendered":"<p>Ko\u015bci\u00f3\u0142 filialny pw. Matki Bo\u017cej Nieustaj\u0105cej Pomocy<\/p>\n","protected":false},"author":1,"featured_media":144,"parent":0,"menu_order":0,"comment_status":"closed","ping_status":"closed","template":"","meta":{"footnotes":""},"class_list":["post-48","page","type-page","status-publish","has-post-thumbnail","czr-hentry"],"jetpack_sharing_enabled":true,"_links":{"self":[{"href":"https:\/\/rzepedz.przemyska.pl\/index.php\/wp-json\/wp\/v2\/pages\/48","targetHints":{"allow":["GET"]}}],"collection":[{"href":"https:\/\/rzepedz.przemyska.pl\/index.php\/wp-json\/wp\/v2\/pages"}],"about":[{"href":"https:\/\/rzepedz.przemyska.pl\/index.php\/wp-json\/wp\/v2\/types\/page"}],"author":[{"embeddable":true,"href":"https:\/\/rzepedz.przemyska.pl\/index.php\/wp-json\/wp\/v2\/users\/1"}],"replies":[{"embeddable":true,"href":"https:\/\/rzepedz.przemyska.pl\/index.php\/wp-json\/wp\/v2\/comments?post=48"}],"version-history":[{"count":0,"href":"https:\/\/rzepedz.przemyska.pl\/index.php\/wp-json\/wp\/v2\/pages\/48\/revisions"}],"wp:featuredmedia":[{"embeddable":true,"href":"https:\/\/rzepedz.przemyska.pl\/index.php\/wp-json\/wp\/v2\/media\/144"}],"wp:attachment":[{"href":"https:\/\/rzepedz.przemyska.pl\/index.php\/wp-json\/wp\/v2\/media?parent=48"}],"curies":[{"name":"wp","href":"https:\/\/api.w.org\/{rel}","templated":true}]}}